{"id":3261,"date":"2019-01-15T14:46:18","date_gmt":"2019-01-15T13:46:18","guid":{"rendered":"http:\/\/www.mittelschule-perg.at\/?page_id=3261"},"modified":"2024-04-18T10:48:21","modified_gmt":"2024-04-18T08:48:21","slug":"ueber-uns","status":"publish","type":"page","link":"https:\/\/www.mittelschule-perg.at\/schulzentrum\/ueber-uns\/","title":{"rendered":"\u00dcber uns"},"content":{"rendered":"\n<style type=\"text\/css\" data-created_by=\"avia_inline_auto\" id=\"style-css-av-3is42l-93e84f3dd145ab80f1aa0ab7e226f52b\">\n.flex_column.av-3is42l-93e84f3dd145ab80f1aa0ab7e226f52b{\nborder-radius:0px 0px 0px 0px;\npadding:0px 0px 0px 0px;\n}\n<\/style>\n<div  class='flex_column av-3is42l-93e84f3dd145ab80f1aa0ab7e226f52b av_one_full  avia-builder-el-0  avia-builder-el-no-sibling  first flex_column_div av-zero-column-padding  '     ><section  class='av_textblock_section av-8a7jh-3dbef5e55ab3496312f480dd5a55469d '   itemscope=\"itemscope\" itemtype=\"https:\/\/schema.org\/CreativeWork\" ><div class='avia_textblock'  itemprop=\"text\" ><div class=\"csc-header csc-header-n1\">\n<h2 class=\"csc-firstHeader\">Mittelschule Perg Schulzentrum<\/h2>\n<\/div>\n<p>Die Mittelschule Perg Schulzentrum steht f\u00fcr ein respektvolles Miteinander, in dem Herzensbildung einen hohen Stellenwert hat. Unsere Lehrkr\u00e4fte engagieren sich f\u00fcr eine wertvolle Klassengemeinschaft sowie f\u00fcr eine freundliche und motivierte Schulgemeinschaft.<\/p>\n<p>Berufsorientierung ist ein zentraler Fokus unserer Schule. Unter der Leitung einer diplomierten Berufsbildungslehrerin kooperieren wir mit regionalen Unternehmen, der Wirtschaftskammer, der O\u00d6 Bauinnung und weiterf\u00fchrenden Schulen. Exkursionen, Lehrausg\u00e4nge und Schnuppertage bieten Abwechslung und Praxisn\u00e4he. Unsere Sch\u00fclerinnen und Sch\u00fcler absolvieren Workshops und Bewerbungstrainings f\u00fcr eine optimale Vorbereitung auf ihre Zukunft.<\/p>\n<p>Dar\u00fcber hinaus bieten wir vielf\u00e4ltige Aktivit\u00e4ten an, darunter einen 16-st\u00fcndigen Erste-Hilfe-Kurs und sportliche Wettk\u00e4mpfe wie den\u00a0XL-Pinguin-Cup. Unsere Schule engagiert sich auch karitativ, indem wir an Aktionen wie &#8222;Christkind aus der Schuhschachtel&#8220; teilnehmen und Spenden f\u00fcr die Krebshilfe oder Arbing meets Africa sammeln.<\/p>\n<p>Wir pflegen eine langj\u00e4hrige Schulpartnerschaft mit der Franz-von-Lenbach Realschule in Schrobenhausen, um die St\u00e4dtepartnerschaft aktiv zu leben.<\/p>\n<p>Musikalische Highlights wie Musicals und Konzerte werden von unseren Sch\u00fclerinnen und Sch\u00fclern mit Begeisterung gestaltet und sowohl lokal als auch international aufgef\u00fchrt.<\/p>\n<p>Als Ganztagsschule mit Nachmittagsbetreuung bieten wir ein breites Angebot an Aktivit\u00e4ten. Eigenverantwortliches Arbeiten und individuelle F\u00f6rderung stehen dabei im Mittelpunkt. Zudem wird an unserer Schule ein warmes Mittagessen angeboten.<\/p>\n<p>Die Mittelschule Perg Schulzentrum ist ein Ort voller Leben, Motivation und Begeisterung f\u00fcr ein erfolgreiches Lernen und Lehren.<\/p>\n<\/div><\/section><\/div>\n","protected":false},"excerpt":{"rendered":"","protected":false},"author":1,"featured_media":0,"parent":0,"menu_order":0,"comment_status":"closed","ping_status":"closed","template":"","meta":{"footnotes":""},"class_list":["post-3261","page","type-page","status-publish","hentry"],"aioseo_notices":[],"_links":{"self":[{"href":"https:\/\/www.mittelschule-perg.at\/schulzentrum\/wp-json\/wp\/v2\/pages\/3261","targetHints":{"allow":["GET"]}}],"collection":[{"href":"https:\/\/www.mittelschule-perg.at\/schulzentrum\/wp-json\/wp\/v2\/pages"}],"about":[{"href":"https:\/\/www.mittelschule-perg.at\/schulzentrum\/wp-json\/wp\/v2\/types\/page"}],"author":[{"embeddable":true,"href":"https:\/\/www.mittelschule-perg.at\/schulzentrum\/wp-json\/wp\/v2\/users\/1"}],"replies":[{"embeddable":true,"href":"https:\/\/www.mittelschule-perg.at\/schulzentrum\/wp-json\/wp\/v2\/comments?post=3261"}],"version-history":[{"count":10,"href":"https:\/\/www.mittelschule-perg.at\/schulzentrum\/wp-json\/wp\/v2\/pages\/3261\/revisions"}],"predecessor-version":[{"id":4246,"href":"https:\/\/www.mittelschule-perg.at\/schulzentrum\/wp-json\/wp\/v2\/pages\/3261\/revisions\/4246"}],"wp:attachment":[{"href":"https:\/\/www.mittelschule-perg.at\/schulzentrum\/wp-json\/wp\/v2\/media?parent=3261"}],"curies":[{"name":"wp","href":"https:\/\/api.w.org\/{rel}","templated":true}]}}