{"id":3273,"date":"2019-01-15T14:48:41","date_gmt":"2019-01-15T13:48:41","guid":{"rendered":"http:\/\/www.mittelschule-perg.at\/?page_id=3273"},"modified":"2024-09-25T19:59:20","modified_gmt":"2024-09-25T17:59:20","slug":"susa","status":"publish","type":"page","link":"https:\/\/www.mittelschule-perg.at\/schulzentrum\/ueber-uns\/susa\/","title":{"rendered":"SUSA"},"content":{"rendered":"\n<style type=\"text\/css\" data-created_by=\"avia_inline_auto\" id=\"style-css-av-2l19ih-d2c753ea3e6796ec046820a7f074b264\">\n#top .flex_column.av-2l19ih-d2c753ea3e6796ec046820a7f074b264{\nmargin-top:-50px;\nmargin-bottom:0px;\n}\n.flex_column.av-2l19ih-d2c753ea3e6796ec046820a7f074b264{\nborder-radius:0px 0px 0px 0px;\npadding:0px 0px 0px 0px;\n}\n.responsive #top #wrap_all .flex_column.av-2l19ih-d2c753ea3e6796ec046820a7f074b264{\nmargin-top:-50px;\nmargin-bottom:0px;\n}\n<\/style>\n<div  class='flex_column av-2l19ih-d2c753ea3e6796ec046820a7f074b264 av_one_fifth  avia-builder-el-0  el_before_av_one_half  avia-builder-el-first  first no_margin flex_column_div av-zero-column-padding  '     ><p>\n<style type=\"text\/css\" data-created_by=\"avia_inline_auto\" id=\"style-css-av-m1i5ztz8-9ec8a872476b8d1380ae602fcfc30290\">\n.avia-image-container.av-m1i5ztz8-9ec8a872476b8d1380ae602fcfc30290 img.avia_image{\nbox-shadow:none;\n}\n.avia-image-container.av-m1i5ztz8-9ec8a872476b8d1380ae602fcfc30290 .av-image-caption-overlay-center{\ncolor:#ffffff;\n}\n<\/style>\n<div  class='avia-image-container av-m1i5ztz8-9ec8a872476b8d1380ae602fcfc30290 av-styling-no-styling avia-align-left  avia-builder-el-1  el_before_av_textblock  avia-builder-el-first '   itemprop=\"image\" itemscope=\"itemscope\" itemtype=\"https:\/\/schema.org\/ImageObject\" ><div class=\"avia-image-container-inner\"><div class=\"avia-image-overlay-wrap\"><img decoding=\"async\" fetchpriority=\"high\" class='wp-image-4286 avia-img-lazy-loading-not-4286 avia_image ' src=\"https:\/\/www.mittelschule-perg.at\/schulzentrum\/wp-content\/uploads\/2024\/09\/Foto-Portrait-200x300-1.jpg\" alt='' title='Foto-Portrait-200x300'  height=\"300\" width=\"200\"  itemprop=\"thumbnailUrl\"  \/><\/div><\/div><\/div><br \/>\n<section  class='av_textblock_section av-m1i607g4-a7c7a6d79899b83c385f2a465afe7a14 '   itemscope=\"itemscope\" itemtype=\"https:\/\/schema.org\/CreativeWork\" ><div class='avia_textblock'  itemprop=\"text\" ><p><strong>Mag. Katrin Haslinger, BA<br \/>\n<\/strong>Sozialarbeiterin<\/p>\n<p>Tel.: +43 (0) 7262 551 674 33<br \/>\nMobil.: +43 (0) 664 600 72 674 33<\/p>\n<p>Mail.: <a href=\"mailto:katrin.haslinger@ooe.gv.at\">katrin.haslinger@ooe.gv.at<\/a><br \/>\n<a href=\"https:\/\/www.land-oberoesterreich.gv.at\/bh_perg.htm\" target=\"_blank\" rel=\"noopener\">www.bh-perg.gv.at<\/a><\/p>\n<\/div><\/section><\/p><\/div>\n<style type=\"text\/css\" data-created_by=\"avia_inline_auto\" id=\"style-css-av-4wlvox-3990519ade1e33d1b384fa6020bb3209\">\n#top .flex_column.av-4wlvox-3990519ade1e33d1b384fa6020bb3209{\nmargin-top:-50px;\nmargin-bottom:0px;\n}\n.flex_column.av-4wlvox-3990519ade1e33d1b384fa6020bb3209{\nborder-radius:0px 0px 0px 0px;\npadding:0px 0px 0px 0px;\n}\n.responsive #top #wrap_all .flex_column.av-4wlvox-3990519ade1e33d1b384fa6020bb3209{\nmargin-top:-50px;\nmargin-bottom:0px;\n}\n<\/style>\n<div  class='flex_column av-4wlvox-3990519ade1e33d1b384fa6020bb3209 av_one_half  avia-builder-el-3  el_after_av_one_fifth  el_before_av_one_full  no_margin flex_column_div av-zero-column-padding  '     ><p>\n<style type=\"text\/css\" data-created_by=\"avia_inline_auto\" id=\"style-css-av-m1i655bl-40645a265dcae40dd594a2067652fc5b\">\n#top .av-special-heading.av-m1i655bl-40645a265dcae40dd594a2067652fc5b{\npadding-bottom:10px;\n}\nbody .av-special-heading.av-m1i655bl-40645a265dcae40dd594a2067652fc5b .av-special-heading-tag .heading-char{\nfont-size:25px;\n}\n.av-special-heading.av-m1i655bl-40645a265dcae40dd594a2067652fc5b .av-subheading{\nfont-size:15px;\n}\n<\/style>\n<div  class='av-special-heading av-m1i655bl-40645a265dcae40dd594a2067652fc5b av-special-heading-h3 blockquote modern-quote  avia-builder-el-4  el_before_av_image  avia-builder-el-first '><h3 class='av-special-heading-tag '  itemprop=\"headline\"  >\u2193\u2193\u2193 SuSA \u2013 Wann und wozu? \u2193\u2193\u2193<\/h3><div class=\"special-heading-border\"><div class=\"special-heading-inner-border\"><\/div><\/div><\/div><br \/>\n\n<style type=\"text\/css\" data-created_by=\"avia_inline_auto\" id=\"style-css-av-m1i623xd-701d955f343d087dd43afdb4f35b9ba1\">\n.avia-image-container.av-m1i623xd-701d955f343d087dd43afdb4f35b9ba1 img.avia_image{\nbox-shadow:none;\n}\n.avia-image-container.av-m1i623xd-701d955f343d087dd43afdb4f35b9ba1 .av-image-caption-overlay-center{\ncolor:#ffffff;\n}\n<\/style>\n<div  class='avia-image-container av-m1i623xd-701d955f343d087dd43afdb4f35b9ba1 av-styling-no-styling avia-align-center  avia-builder-el-5  el_after_av_heading  avia-builder-el-last '   itemprop=\"image\" itemscope=\"itemscope\" itemtype=\"https:\/\/schema.org\/ImageObject\" ><div class=\"avia-image-container-inner\"><div class=\"avia-image-overlay-wrap\"><img decoding=\"async\" fetchpriority=\"high\" class='wp-image-4285 avia-img-lazy-loading-not-4285 avia_image ' src=\"https:\/\/www.mittelschule-perg.at\/schulzentrum\/wp-content\/uploads\/2024\/09\/SuSA_Folder-1030x729-1.png\" alt='' title='SuSA_Folder-1030x729'  height=\"729\" width=\"1030\"  itemprop=\"thumbnailUrl\" srcset=\"https:\/\/www.mittelschule-perg.at\/schulzentrum\/wp-content\/uploads\/2024\/09\/SuSA_Folder-1030x729-1.png 1030w, https:\/\/www.mittelschule-perg.at\/schulzentrum\/wp-content\/uploads\/2024\/09\/SuSA_Folder-1030x729-1-300x212.png 300w, https:\/\/www.mittelschule-perg.at\/schulzentrum\/wp-content\/uploads\/2024\/09\/SuSA_Folder-1030x729-1-768x544.png 768w, https:\/\/www.mittelschule-perg.at\/schulzentrum\/wp-content\/uploads\/2024\/09\/SuSA_Folder-1030x729-1-260x185.png 260w, https:\/\/www.mittelschule-perg.at\/schulzentrum\/wp-content\/uploads\/2024\/09\/SuSA_Folder-1030x729-1-705x499.png 705w\" sizes=\"(max-width: 1030px) 100vw, 1030px\" \/><\/div><\/div><\/div><\/p><\/div><\/p>\n\n<style type=\"text\/css\" data-created_by=\"avia_inline_auto\" id=\"style-css-av-4wlvox-1-61f5819af8468cb803d2a6cf4a715666\">\n.flex_column.av-4wlvox-1-61f5819af8468cb803d2a6cf4a715666{\nborder-radius:0px 0px 0px 0px;\npadding:0px 0px 0px 0px;\n}\n<\/style>\n<div  class='flex_column av-4wlvox-1-61f5819af8468cb803d2a6cf4a715666 av_one_full  avia-builder-el-6  el_after_av_one_half  avia-builder-el-last  first flex_column_div av-zero-column-padding  column-top-margin'     ><section  class='av_textblock_section av-2i83j5-94543d6890c2cb77a8ad8a62bc912288 '   itemscope=\"itemscope\" itemtype=\"https:\/\/schema.org\/CreativeWork\" ><div class='avia_textblock'  itemprop=\"text\" ><div class=\"flex_column av-bkftq-94af257d4af4d1cc9acc975607e960c2 av_one_full avia-builder-el-5 el_after_av_one_third el_before_av_hr first flex_column_div column-top-margin\"><\/div>\n<section class=\"av_textblock_section av-l8co20l1-1d8a28550ea0beb9e07ef93854edd77e \">\n<div class=\"avia_textblock\">\n<p><b><span lang=\"de\">Datenschutzhinweis<\/span><\/b><span lang=\"de\">: <\/span><\/p>\n<p><span lang=\"de\">Allgemeine Informationen der o\u00f6. Landesverwaltung zum Datenschutz finden Sie unter:<br \/>\n<\/span><span lang=\"de\"><a href=\"https:\/\/www.land-oberoesterreich.gv.at\/datenschutz\" target=\"_blank\" rel=\"noopener noreferrer\" data-auth=\"NotApplicable\" data-safelink=\"true\" data-linkindex=\"0\">https:\/\/www.land-oberoesterreich.gv.at\/datenschutz<\/a>.<\/span><span lang=\"de\">\u00a0<\/span><\/p>\n<p><span lang=\"de\">Die Verarbeitung personenbezogener Daten durch die Kinder- und Jugendhilfe erfolgt auf gesetzlicher Grundlage und umfasst Bearbeitung, Dokumentation und Verrechnung von Leistungen in den gesetzlich vorgesehenen Bereichen (z.B. im Rahmen\u00a0 Unterhaltsvertretung) unter Wahrung von Verschwiegenheitspflicht und Datenschutz.<\/span><span lang=\"de\">\u00a0<\/span><\/p>\n<p><span lang=\"de\">Weiterf\u00fchrende Informationen gem\u00e4\u00df Art. 13f DSGVO:<br \/>\n<\/span><span lang=\"de\"><a href=\"https:\/\/www.kinder-jugendhilfe-ooe.at\/144.htm\" target=\"_blank\" rel=\"noopener noreferrer\" data-auth=\"NotApplicable\" data-safelink=\"true\" data-linkindex=\"1\">https:\/\/www.kinder-jugendhilfe-ooe.at\/144.htm<\/a><\/span><\/p>\n<\/div>\n<\/section>\n<\/div><\/section><\/div>\n","protected":false},"excerpt":{"rendered":"","protected":false},"author":1,"featured_media":0,"parent":3261,"menu_order":0,"comment_status":"closed","ping_status":"closed","template":"","meta":{"footnotes":""},"class_list":["post-3273","page","type-page","status-publish","hentry"],"aioseo_notices":[],"_links":{"self":[{"href":"https:\/\/www.mittelschule-perg.at\/schulzentrum\/wp-json\/wp\/v2\/pages\/3273","targetHints":{"allow":["GET"]}}],"collection":[{"href":"https:\/\/www.mittelschule-perg.at\/schulzentrum\/wp-json\/wp\/v2\/pages"}],"about":[{"href":"https:\/\/www.mittelschule-perg.at\/schulzentrum\/wp-json\/wp\/v2\/types\/page"}],"author":[{"embeddable":true,"href":"https:\/\/www.mittelschule-perg.at\/schulzentrum\/wp-json\/wp\/v2\/users\/1"}],"replies":[{"embeddable":true,"href":"https:\/\/www.mittelschule-perg.at\/schulzentrum\/wp-json\/wp\/v2\/comments?post=3273"}],"version-history":[{"count":17,"href":"https:\/\/www.mittelschule-perg.at\/schulzentrum\/wp-json\/wp\/v2\/pages\/3273\/revisions"}],"predecessor-version":[{"id":4292,"href":"https:\/\/www.mittelschule-perg.at\/schulzentrum\/wp-json\/wp\/v2\/pages\/3273\/revisions\/4292"}],"up":[{"embeddable":true,"href":"https:\/\/www.mittelschule-perg.at\/schulzentrum\/wp-json\/wp\/v2\/pages\/3261"}],"wp:attachment":[{"href":"https:\/\/www.mittelschule-perg.at\/schulzentrum\/wp-json\/wp\/v2\/media?parent=3273"}],"curies":[{"name":"wp","href":"https:\/\/api.w.org\/{rel}","templated":true}]}}