{"id":3277,"date":"2019-01-15T15:08:45","date_gmt":"2019-01-15T14:08:45","guid":{"rendered":"http:\/\/www.mittelschule-perg.at\/?page_id=3277"},"modified":"2024-07-30T21:43:54","modified_gmt":"2024-07-30T19:43:54","slug":"gesunde-schuljause","status":"publish","type":"page","link":"https:\/\/www.mittelschule-perg.at\/schulzentrum\/gesunde-schuljause\/","title":{"rendered":"Gesunde Schuljause"},"content":{"rendered":"<div  class='av-alb-blogposts template-blog  av-blog-meta-author-disabled av-blog-meta-category-disabled '  itemscope=\"itemscope\" itemtype=\"https:\/\/schema.org\/Blog\" ><article class=\"post-entry post-entry-type-standard post-entry-4266 post-loop-1 post-parity-odd post-entry-last single-big with-slider post-4266 post type-post status-publish format-standard has-post-thumbnail hentry category-gesunde-jause category-nmsbeitraege\"  itemscope=\"itemscope\" itemtype=\"https:\/\/schema.org\/BlogPosting\" ><div class=\"blog-meta\"><\/div><div class='entry-content-wrapper clearfix standard-content'><header class=\"entry-content-header\" aria-label=\"Post: Gesunde Jause\"><div class=\"av-heading-wrapper\"><h2 class='post-title entry-title '  itemprop=\"headline\" ><a href=\"https:\/\/www.mittelschule-perg.at\/schulzentrum\/gesunde-jause\/\" rel=\"bookmark\" title=\"Permanenter Link zu: Gesunde Jause\">Gesunde Jause<span class=\"post-format-icon minor-meta\"><\/span><\/a><\/h2><span class=\"blog-categories minor-meta\"><a href=\"https:\/\/www.mittelschule-perg.at\/schulzentrum\/category\/gesunde-jause\/\" rel=\"tag\">Gesunde Jause<\/a>, <a href=\"https:\/\/www.mittelschule-perg.at\/schulzentrum\/category\/nmsbeitraege\/\" rel=\"tag\">NMS-Beitr\u00e4ge<\/a><\/span><\/div><\/header><span class=\"av-vertical-delimiter\"><\/span><div class=\"big-preview single-big\"  itemprop=\"image\" itemscope=\"itemscope\" itemtype=\"https:\/\/schema.org\/ImageObject\" ><a href=\"https:\/\/www.mittelschule-perg.at\/schulzentrum\/gesunde-jause\/\"  title=\"Bild1\" ><img decoding=\"async\" loading=\"lazy\" width=\"341\" height=\"514\" src=\"https:\/\/www.mittelschule-perg.at\/schulzentrum\/wp-content\/uploads\/2024\/07\/Bild1-1.jpg\" class=\"wp-image-4270 avia-img-lazy-loading-4270 attachment-no scaling size-no scaling wp-post-image\" alt=\"\" srcset=\"https:\/\/www.mittelschule-perg.at\/schulzentrum\/wp-content\/uploads\/2024\/07\/Bild1-1.jpg 341w, https:\/\/www.mittelschule-perg.at\/schulzentrum\/wp-content\/uploads\/2024\/07\/Bild1-1-199x300.jpg 199w\" sizes=\"auto, (max-width: 341px) 100vw, 341px\" \/><\/a><\/div><div class=\"entry-content\"  itemprop=\"text\" ><p>&nbsp;<\/p>\n<p>Lernen macht hungrig! Mit der Aktion \u201eGesunde Jause\u201c hat es sich unsere Schule zum Ziel gemacht ein bis zweimal im Monat von Sch\u00fclerInnen f\u00fcr Sch\u00fclerInnen ein gesundes Jausenangebot umzusetzen.<br \/>\nDie gemeinsame Zubereitung der Jause und die Auseinandersetzung mit dem Thema \u201eWie esse ich gesund?\u201c stehen dabei im Mittelpunkt. Die Ergebnisse k\u00f6nnen sich sehen lassen: Obstsalat, Gem\u00fcsesticks, Kresse- und Topfenbrote sind eine willkommene Abwechslung im Schulalltag.<br \/>\nDer Verkauf findet in der Aula statt. Die Preise liegen zwischen 1\u20ac und 2\u20ac je nach Angebot.<\/p>\n\n\t\t<style type=\"text\/css\">\n\t\t\t#gallery-1 {\n\t\t\t\tmargin: auto;\n\t\t\t}\n\t\t\t#gallery-1 .gallery-item {\n\t\t\t\tfloat: left;\n\t\t\t\tmargin-top: 10px;\n\t\t\t\ttext-align: center;\n\t\t\t\twidth: 25%;\n\t\t\t}\n\t\t\t#gallery-1 img {\n\t\t\t\tborder: 2px solid #cfcfcf;\n\t\t\t}\n\t\t\t#gallery-1 .gallery-caption {\n\t\t\t\tmargin-left: 0;\n\t\t\t}\n\t\t\t\/* see gallery_shortcode() in wp-includes\/media.php *\/\n\t\t<\/style>\n\t\t<div id='gallery-1' class='gallery galleryid-4266 gallery-columns-4 gallery-size-full'><dl class='gallery-item'>\n\t\t\t<dt class='gallery-icon portrait'>\n\t\t\t\t<a href='https:\/\/www.mittelschule-perg.at\/schulzentrum\/wp-content\/uploads\/2024\/07\/Bild1.jpg'><img loading=\"lazy\" decoding=\"async\" width=\"341\" height=\"514\" src=\"https:\/\/www.mittelschule-perg.at\/schulzentrum\/wp-content\/uploads\/2024\/07\/Bild1.jpg\" class=\"attachment-full size-full\" alt=\"\" srcset=\"https:\/\/www.mittelschule-perg.at\/schulzentrum\/wp-content\/uploads\/2024\/07\/Bild1.jpg 341w, https:\/\/www.mittelschule-perg.at\/schulzentrum\/wp-content\/uploads\/2024\/07\/Bild1-199x300.jpg 199w\" sizes=\"auto, (max-width: 341px) 100vw, 341px\" \/><\/a>\n\t\t\t<\/dt><\/dl><dl class='gallery-item'>\n\t\t\t<dt class='gallery-icon landscape'>\n\t\t\t\t<a href='https:\/\/www.mittelschule-perg.at\/schulzentrum\/wp-content\/uploads\/2024\/07\/Bild2.jpg'><img loading=\"lazy\" decoding=\"async\" width=\"743\" height=\"564\" src=\"https:\/\/www.mittelschule-perg.at\/schulzentrum\/wp-content\/uploads\/2024\/07\/Bild2.jpg\" class=\"attachment-full size-full\" alt=\"\" srcset=\"https:\/\/www.mittelschule-perg.at\/schulzentrum\/wp-content\/uploads\/2024\/07\/Bild2.jpg 743w, https:\/\/www.mittelschule-perg.at\/schulzentrum\/wp-content\/uploads\/2024\/07\/Bild2-300x228.jpg 300w, https:\/\/www.mittelschule-perg.at\/schulzentrum\/wp-content\/uploads\/2024\/07\/Bild2-705x535.jpg 705w\" sizes=\"auto, (max-width: 743px) 100vw, 743px\" \/><\/a>\n\t\t\t<\/dt><\/dl><dl class='gallery-item'>\n\t\t\t<dt class='gallery-icon landscape'>\n\t\t\t\t<a href='https:\/\/www.mittelschule-perg.at\/schulzentrum\/wp-content\/uploads\/2024\/07\/Bild3.jpg'><img loading=\"lazy\" decoding=\"async\" width=\"562\" height=\"422\" src=\"https:\/\/www.mittelschule-perg.at\/schulzentrum\/wp-content\/uploads\/2024\/07\/Bild3.jpg\" class=\"attachment-full size-full\" alt=\"\" srcset=\"https:\/\/www.mittelschule-perg.at\/schulzentrum\/wp-content\/uploads\/2024\/07\/Bild3.jpg 562w, https:\/\/www.mittelschule-perg.at\/schulzentrum\/wp-content\/uploads\/2024\/07\/Bild3-300x225.jpg 300w\" sizes=\"auto, (max-width: 562px) 100vw, 562px\" \/><\/a>\n\t\t\t<\/dt><\/dl>\n\t\t\t<br style='clear: both' \/>\n\t\t<\/div>\n\n<p>&nbsp;<\/p>\n<\/div><span class=\"post-meta-infos\"><time class=\"date-container minor-meta updated\"  itemprop=\"datePublished\" datetime=\"2024-07-08T12:21:17+02:00\" >8. Juli 2024<\/time><span class=\"text-sep\">\/<\/span><span class=\"comment-container minor-meta\"><a href=\"https:\/\/www.mittelschule-perg.at\/schulzentrum\/gesunde-jause\/#respond\" class=\"comments-link\" >0 Kommentare<\/a><\/span><\/span><footer class=\"entry-footer\"><\/footer><div class='post_delimiter'><\/div><\/div><div class=\"post_author_timeline\"><\/div><span class='hidden'>\n\t\t\t\t<span class='av-structured-data'  itemprop=\"image\" itemscope=\"itemscope\" itemtype=\"https:\/\/schema.org\/ImageObject\" >\n\t\t\t\t\t\t<span itemprop='url'>https:\/\/www.mittelschule-perg.at\/schulzentrum\/wp-content\/uploads\/2024\/07\/Bild1-1.jpg<\/span>\n\t\t\t\t\t\t<span itemprop='height'>514<\/span>\n\t\t\t\t\t\t<span itemprop='width'>341<\/span>\n\t\t\t\t<\/span>\n\t\t\t\t<span class='av-structured-data'  itemprop=\"publisher\" itemtype=\"https:\/\/schema.org\/Organization\" itemscope=\"itemscope\" >\n\t\t\t\t\t\t<span itemprop='name'>agentur<\/span>\n\t\t\t\t\t\t<span itemprop='logo' itemscope itemtype='https:\/\/schema.org\/ImageObject'>\n\t\t\t\t\t\t\t<span itemprop='url'>https:\/\/www.mittelschule-perg.at\/schulzentrum\/wp-content\/uploads\/2020\/12\/Logo.png<\/span>\n\t\t\t\t\t\t<\/span>\n\t\t\t\t<\/span><span class='av-structured-data'  itemprop=\"author\" itemscope=\"itemscope\" itemtype=\"https:\/\/schema.org\/Person\" ><span itemprop='name'>agentur<\/span><\/span><span class='av-structured-data'  itemprop=\"datePublished\" datetime=\"2024-07-08T12:21:17+02:00\" >2024-07-08 12:21:17<\/span><span class='av-structured-data'  itemprop=\"dateModified\" itemtype=\"https:\/\/schema.org\/dateModified\" >2024-07-08 23:55:00<\/span><span class='av-structured-data'  itemprop=\"mainEntityOfPage\" itemtype=\"https:\/\/schema.org\/mainEntityOfPage\" ><span itemprop='name'>Gesunde Jause<\/span><\/span><\/span><\/article><div class='single-big'><\/div><\/div>\n","protected":false},"excerpt":{"rendered":"","protected":false},"author":1,"featured_media":0,"parent":0,"menu_order":0,"comment_status":"closed","ping_status":"closed","template":"","meta":{"footnotes":""},"class_list":["post-3277","page","type-page","status-publish","hentry"],"aioseo_notices":[],"_links":{"self":[{"href":"https:\/\/www.mittelschule-perg.at\/schulzentrum\/wp-json\/wp\/v2\/pages\/3277","targetHints":{"allow":["GET"]}}],"collection":[{"href":"https:\/\/www.mittelschule-perg.at\/schulzentrum\/wp-json\/wp\/v2\/pages"}],"about":[{"href":"https:\/\/www.mittelschule-perg.at\/schulzentrum\/wp-json\/wp\/v2\/types\/page"}],"author":[{"embeddable":true,"href":"https:\/\/www.mittelschule-perg.at\/schulzentrum\/wp-json\/wp\/v2\/users\/1"}],"replies":[{"embeddable":true,"href":"https:\/\/www.mittelschule-perg.at\/schulzentrum\/wp-json\/wp\/v2\/comments?post=3277"}],"version-history":[{"count":19,"href":"https:\/\/www.mittelschule-perg.at\/schulzentrum\/wp-json\/wp\/v2\/pages\/3277\/revisions"}],"predecessor-version":[{"id":4281,"href":"https:\/\/www.mittelschule-perg.at\/schulzentrum\/wp-json\/wp\/v2\/pages\/3277\/revisions\/4281"}],"wp:attachment":[{"href":"https:\/\/www.mittelschule-perg.at\/schulzentrum\/wp-json\/wp\/v2\/media?parent=3277"}],"curies":[{"name":"wp","href":"https:\/\/api.w.org\/{rel}","templated":true}]}}