{"id":4390,"date":"2025-06-25T18:46:28","date_gmt":"2025-06-25T16:46:28","guid":{"rendered":"https:\/\/www.mittelschule-perg.at\/schulzentrum\/?page_id=4390"},"modified":"2025-06-28T18:46:55","modified_gmt":"2025-06-28T16:46:55","slug":"barrierefreiheitserklaerung","status":"publish","type":"page","link":"https:\/\/www.mittelschule-perg.at\/schulzentrum\/barrierefreiheitserklaerung\/","title":{"rendered":"Barrierefreiheitserkl\u00e4rung"},"content":{"rendered":"<div  class='flex_column av-1wjxza-cec8896ff0dbf0abe1b6df2125fbbd28 av_one_full  avia-builder-el-0  avia-builder-el-no-sibling  first flex_column_div  '     ><section  class='av_textblock_section av-mcgh3q1h-ae44c92fb3931ef83479ed7ed00c2060 '   itemscope=\"itemscope\" itemtype=\"https:\/\/schema.org\/CreativeWork\" ><div class='avia_textblock'  itemprop=\"text\" ><h3>Barrierefreiheitserkl\u00e4rung<\/h3>\n<p>Diese Erkl\u00e4rung zur Barrierefreiheit gilt f\u00fcr die Website www.mittelschule-perg.at\/schulzentrum<\/p>\n<h3>1. Stand der Vereinbarkeit mit den Anforderungen<\/h3>\n<p>Diese Website ist teilweise barrierefrei. Sie entspricht teilweise den Anforderungen der \u00d6NORM EN 301 549 bzw. den Web Content Accessibility Guidelines (WCAG) 2.1 \u2013 Konformit\u00e4tsstufe AA.<\/p>\n<h3>2. Methode der Pr\u00fcfung<\/h3>\n<p>Die \u00dcberpr\u00fcfung der Barrierefreiheit erfolgte im Juni 2025 durch:<\/p>\n<p>\u2013 eine Selbstbewertung mit dem Tool [WAVE]<\/p>\n<h3>3. Nicht barrierefreie Inhalte<\/h3>\n<p>Die nachfolgenden Inhalte und Funktionen sind derzeit nicht vollst\u00e4ndig barrierefrei:<\/p>\n<p>\u2013 eingebundene Drittinhalte (z.\u202fB. Karten, Videos, Social-Media-Elemente, etc.),<\/p>\n<p>\u2013 \u00c4ltere PDF-Dokumente vor dem 28.06.2025<\/p>\n<p>\u2013 Einzelne Bilder ohne Alternativtexte, Slider, etc.<\/p>\n<p>\u2013 Eingeschr\u00e4nkte Tastaturbedienung bei interaktiven Karten<\/p>\n<p>Diese Inhalte sind teilweise von der Verpflichtung zur Barrierefreiheit ausgenommen, da ihre Umsetzung eine unverh\u00e4ltnism\u00e4\u00dfige Belastung darstellen w\u00fcrde (\u00a7 15 BaFG).<\/p>\n<h3>4. Feedback und Kontaktangaben<\/h3>\n<p>Wir bem\u00fchen uns laufend, die Barrierefreiheit unserer Website zu verbessern. Sollten Ihnen Barrieren auffallen oder Inhalte unzug\u00e4nglich sein, kontaktieren Sie uns bitte:<\/p>\n<p>E-Mail: s411152@schule-ooe.at<\/p>\n<p>Telefon: 07262-58222<\/p>\n<p>Postadresse: Waidhoferstra\u00dfe 2, 4320 Perg<\/p>\n<h3>5. Durchsetzungsverfahren<\/h3>\n<p>Wenn Sie innerhalb von 2 Monaten keine zufriedenstellende Antwort auf Ihre Anfrage erhalten, k\u00f6nnen Sie sich an die Schlichtungsstelle nach dem Bundes-Behindertengleichstellungsgesetz wenden:<\/p>\n<p>Bundes-Behindertenanwaltschaft<\/p>\n<p>www.behindertenanwalt.gv.at<\/p>\n<p>E-Mail: office@behindertenanwalt.gv.at<\/p>\n<p>Telefon: +43 1 711 00-86 2222<\/p>\n<h3>6. Erstellung der Erkl\u00e4rung<\/h3>\n<p>Diese Erkl\u00e4rung wurde am 25.06.2025 erstellt und wird laufend nach M\u00f6glichkeit aktualisiert.<\/p>\n<\/div><\/section><\/div>\n","protected":false},"excerpt":{"rendered":"","protected":false},"author":1,"featured_media":0,"parent":0,"menu_order":0,"comment_status":"closed","ping_status":"closed","template":"","meta":{"footnotes":""},"class_list":["post-4390","page","type-page","status-publish","hentry"],"aioseo_notices":[],"_links":{"self":[{"href":"https:\/\/www.mittelschule-perg.at\/schulzentrum\/wp-json\/wp\/v2\/pages\/4390","targetHints":{"allow":["GET"]}}],"collection":[{"href":"https:\/\/www.mittelschule-perg.at\/schulzentrum\/wp-json\/wp\/v2\/pages"}],"about":[{"href":"https:\/\/www.mittelschule-perg.at\/schulzentrum\/wp-json\/wp\/v2\/types\/page"}],"author":[{"embeddable":true,"href":"https:\/\/www.mittelschule-perg.at\/schulzentrum\/wp-json\/wp\/v2\/users\/1"}],"replies":[{"embeddable":true,"href":"https:\/\/www.mittelschule-perg.at\/schulzentrum\/wp-json\/wp\/v2\/comments?post=4390"}],"version-history":[{"count":3,"href":"https:\/\/www.mittelschule-perg.at\/schulzentrum\/wp-json\/wp\/v2\/pages\/4390\/revisions"}],"predecessor-version":[{"id":4393,"href":"https:\/\/www.mittelschule-perg.at\/schulzentrum\/wp-json\/wp\/v2\/pages\/4390\/revisions\/4393"}],"wp:attachment":[{"href":"https:\/\/www.mittelschule-perg.at\/schulzentrum\/wp-json\/wp\/v2\/media?parent=4390"}],"curies":[{"name":"wp","href":"https:\/\/api.w.org\/{rel}","templated":true}]}}