{"id":4431,"date":"2025-11-07T16:02:18","date_gmt":"2025-11-07T15:02:18","guid":{"rendered":"https:\/\/www.mittelschule-perg.at\/schulzentrum\/?page_id=4431"},"modified":"2025-11-07T16:02:18","modified_gmt":"2025-11-07T15:02:18","slug":"impressum","status":"publish","type":"page","link":"https:\/\/www.mittelschule-perg.at\/schulzentrum\/impressum\/","title":{"rendered":"Impressum"},"content":{"rendered":"<section  class='av_textblock_section av-mhozi8nv-20e62c2689b309d88e59d7748ffb7386 '   itemscope=\"itemscope\" itemtype=\"https:\/\/schema.org\/CreativeWork\" ><div class='avia_textblock'  itemprop=\"text\" ><p><!-- Impressum \u2013 Mittelschule Perg Schulzentrum --><\/p>\n<section id=\"impressum\" lang=\"de\" style=\"font-family: system-ui, -apple-system, Segoe UI, Roboto, Helvetica, Arial, sans-serif; line-height: 1.6; color: #111;\">\n<h1 style=\"font-size: 1.8rem; margin: 0 0 0.5rem;\">Impressum<\/h1>\n<p style=\"margin: 0 0 1rem; font-size: 0.95rem; color: #444;\">Angaben gem\u00e4\u00df \u00a7 5 E-Commerce-Gesetz (ECG) und \u00a7 24 Mediengesetz (MedienG)<\/p>\n<h2 style=\"font-size: 1.2rem; margin: 1.2rem 0 0.25rem;\">Medieninhaberin \/ Herausgeberin<\/h2>\n<p style=\"margin: 0 0 0.75rem;\">Mittelschule Perg \u2013 Schulzentrum<br \/>\nLinzerstra\u00dfe\u00a018<br \/>\n4320\u00a0Perg, \u00d6sterreich<\/p>\n<p style=\"margin: 0 0 0.75rem;\">Telefon: <a href=\"tel:+43726252589\">+43\u00a0(0) 7262 \/ 525 89<\/a><br \/>\nE-Mail: <a href=\"mailto:s411052@schule-ooe.at\">s411052@schule-ooe.at<\/a><br \/>\nWebsite: <a href=\"https:\/\/www.mittelschule-perg.at\/schulzentrum\" rel=\"home\">https:\/\/www.mittelschule-perg.at\/schulzentrum<\/a><\/p>\n<h2 style=\"font-size: 1.2rem; margin: 1.2rem 0 0.25rem;\">Vertretungsberechtigte Leitung<\/h2>\n<p style=\"margin: 0 0 0.75rem;\">Direktorin: Michaela Oberleitner<\/p>\n<h2 style=\"font-size: 1.2rem; margin: 1.2rem 0 0.25rem;\">Rechtsnatur \/ Aufsichtsbeh\u00f6rden<\/h2>\n<p style=\"margin: 0 0 0.75rem;\">\u00d6ffentliche Mittelschule der Republik \u00d6sterreich.<br \/>\nFachaufsicht: Bildungsdirektion f\u00fcr Ober\u00f6sterreich.<br \/>\nSchulerhalter (Schultr\u00e4ger): Stadtgemeinde Perg.<\/p>\n<h2 style=\"font-size: 1.2rem; margin: 1.2rem 0 0.25rem;\">Grundlegende Richtung der Website (\u00a7 25 Abs. 4 MedienG)<\/h2>\n<p style=\"margin: 0 0 0.75rem;\">Information \u00fcber die Mittelschule Perg \u2013 Schulzentrum, deren schulische Angebote, Aktivit\u00e4ten, Termine und Kontaktm\u00f6glichkeiten.<\/p>\n<h2 style=\"font-size: 1.2rem; margin: 1.2rem 0 0.25rem;\">Haftung f\u00fcr Inhalte<\/h2>\n<p style=\"margin: 0 0 0.75rem;\">Die Inhalte dieser Seiten werden mit gr\u00f6\u00dfter Sorgfalt erstellt und laufend aktualisiert. Dennoch kann keine Gew\u00e4hr f\u00fcr Richtigkeit, Vollst\u00e4ndigkeit und Aktualit\u00e4t \u00fcbernommen werden. Als Dienstanbieterin ist die Schule gem\u00e4\u00df \u00a7 7 Abs. 1 ECG f\u00fcr eigene Inhalte nach den allgemeinen Gesetzen verantwortlich.<\/p>\n<h2 style=\"font-size: 1.2rem; margin: 1.2rem 0 0.25rem;\">Haftung f\u00fcr Links<\/h2>\n<p style=\"margin: 0 0 0.75rem;\">Unsere Seiten enthalten Links zu externen Websites, auf deren Inhalte wir keinen Einfluss haben. Zum Zeitpunkt der Verlinkung waren keine rechtswidrigen Inhalte erkennbar. Bei Bekanntwerden von Rechtsverst\u00f6\u00dfen werden entsprechende Links umgehend entfernt.<\/p>\n<h2 style=\"font-size: 1.2rem; margin: 1.2rem 0 0.25rem;\">Urheberrecht \/ Bildnachweise<\/h2>\n<p style=\"margin: 0 0 0.75rem;\">Die von der Schule erstellten Inhalte (Texte, Fotos, Grafiken, Downloads) unterliegen dem Urheberrecht. Jede Verwertung au\u00dferhalb der gesetzlichen Schranken bedarf der vorherigen Zustimmung. Inhalte Dritter sind \u2013 soweit nicht offensichtlich \u2013 als solche gekennzeichnet.<\/p>\n<h2 style=\"font-size: 1.2rem; margin: 1.2rem 0 0.25rem;\">Datenschutz<\/h2>\n<p style=\"margin: 0 0 0.75rem;\">Hinweise zur Verarbeitung personenbezogener Daten gem\u00e4\u00df DSGVO finden Sie in unserer<br \/>\n<a href=\"\/schulzentrum\/datenschutz\" rel=\"privacy-policy\">Datenschutzerkl\u00e4rung<\/a>.<\/p>\n<h2 style=\"font-size: 1.2rem; margin: 1.2rem 0 0.25rem;\">Barrierefreiheit<\/h2>\n<p style=\"margin: 0 0 0.75rem;\">Informationen zur Zug\u00e4nglichkeit dieser Website sowie die M\u00f6glichkeit, Feedback zu geben, finden Sie in unserer<br \/>\n<a href=\"\/schulzentrum\/barrierefreiheit\" rel=\"accessibility-help\">Barrierefreiheitserkl\u00e4rung<\/a>.<\/p>\n<h2 style=\"font-size: 1.2rem; margin: 1.2rem 0 0.25rem;\">Kontakt zur Webredaktion<\/h2>\n<p style=\"margin: 0 0 0.75rem;\">Redaktion: Schulleitung &amp; Lehrerkollegium der Mittelschule Perg \u2013 Schulzentrum<br \/>\nE-Mail: <a href=\"mailto:s411052@schule-ooe.at\">s411052@schule-ooe.at<\/a><\/p>\n<p style=\"margin: 1rem 0 0.25rem; font-size: 0.9rem; color: #444;\">Stand: 7.\u00a0November\u00a02025<\/p>\n<p><!-- Strukturierte Daten (Schema.org) --><br \/>\n<script type=\"application\/ld+json\">\n  {\n    \"@context\": \"https:\/\/schema.org\",\n    \"@type\": \"School\",\n    \"name\": \"Mittelschule Perg \u2013 Schulzentrum\",\n    \"url\": \"https:\/\/www.mittelschule-perg.at\/schulzentrum\",\n    \"address\": {\n      \"@type\": \"PostalAddress\",\n      \"streetAddress\": \"Linzerstra\u00dfe 18\",\n      \"postalCode\": \"4320\",\n      \"addressLocality\": \"Perg\",\n      \"addressCountry\": \"AT\"\n    },\n    \"telephone\": \"+43-7262-52589\",\n    \"email\": \"s411052@schule-ooe.at\",\n    \"founder\": \"Republik \u00d6sterreich\",\n    \"department\": {\n      \"@type\": \"Organization\",\n      \"name\": \"Schulleitung\",\n      \"employee\": {\n        \"@type\": \"Person\",\n        \"name\": \"Michaela Oberleitner\",\n        \"jobTitle\": \"Direktorin\"\n      }\n    }\n  }\n  <\/script><\/p>\n<\/section>\n<\/div><\/section>\n","protected":false},"excerpt":{"rendered":"","protected":false},"author":1,"featured_media":0,"parent":0,"menu_order":0,"comment_status":"closed","ping_status":"closed","template":"","meta":{"footnotes":""},"class_list":["post-4431","page","type-page","status-publish","hentry"],"aioseo_notices":[],"_links":{"self":[{"href":"https:\/\/www.mittelschule-perg.at\/schulzentrum\/wp-json\/wp\/v2\/pages\/4431","targetHints":{"allow":["GET"]}}],"collection":[{"href":"https:\/\/www.mittelschule-perg.at\/schulzentrum\/wp-json\/wp\/v2\/pages"}],"about":[{"href":"https:\/\/www.mittelschule-perg.at\/schulzentrum\/wp-json\/wp\/v2\/types\/page"}],"author":[{"embeddable":true,"href":"https:\/\/www.mittelschule-perg.at\/schulzentrum\/wp-json\/wp\/v2\/users\/1"}],"replies":[{"embeddable":true,"href":"https:\/\/www.mittelschule-perg.at\/schulzentrum\/wp-json\/wp\/v2\/comments?post=4431"}],"version-history":[{"count":1,"href":"https:\/\/www.mittelschule-perg.at\/schulzentrum\/wp-json\/wp\/v2\/pages\/4431\/revisions"}],"predecessor-version":[{"id":4432,"href":"https:\/\/www.mittelschule-perg.at\/schulzentrum\/wp-json\/wp\/v2\/pages\/4431\/revisions\/4432"}],"wp:attachment":[{"href":"https:\/\/www.mittelschule-perg.at\/schulzentrum\/wp-json\/wp\/v2\/media?parent=4431"}],"curies":[{"name":"wp","href":"https:\/\/api.w.org\/{rel}","templated":true}]}}