{"id":425,"date":"2019-04-11T12:40:58","date_gmt":"2019-04-11T10:40:58","guid":{"rendered":"https:\/\/www.mittelschule-perg.at\/stadtzentrum\/?page_id=425"},"modified":"2020-09-25T02:46:33","modified_gmt":"2020-09-25T00:46:33","slug":"nachmittagsbetreuung","status":"publish","type":"page","link":"https:\/\/www.mittelschule-perg.at\/stadtzentrum\/nachmittagsbetreuung\/","title":{"rendered":"Nachmittagsbetreuung"},"content":{"rendered":"\n<style type=\"text\/css\" data-created_by=\"avia_inline_auto\" id=\"style-css-av-bph61-97e2b56e761b04747883eda0a88f7936\">\n.flex_column.av-bph61-97e2b56e761b04747883eda0a88f7936{\nborder-radius:0px 0px 0px 0px;\npadding:0px 0px 0px 0px;\n}\n<\/style>\n<div  class='flex_column av-bph61-97e2b56e761b04747883eda0a88f7936 av_one_full  avia-builder-el-0  avia-builder-el-no-sibling  first flex_column_div av-zero-column-padding  '     ><section  class='av_textblock_section av-jucihzdl-76ba1b27574479d4c084f8528d800878 '   itemscope=\"itemscope\" itemtype=\"https:\/\/schema.org\/CreativeWork\" ><div class='avia_textblock'  itemprop=\"text\" ><p><main id=\"content\" class=\"span9\" role=\"main\"><\/main><\/p>\n<div class=\"item-page\">\n<div>\n<p>Liebe Eltern!<\/p>\n<p>Die Berufst\u00e4tigkeit beider Elternteile und die Zunahme von AlleinerzieherInnen erfordern Einrichtungen f\u00fcr die Betreuung von Schulkindern au\u00dferhalb der Unterrichtszeiten.<br \/>\nDie Neue Mittelschule 1 Perg hat deswegen in den vergangenen Schuljahren eine NACHMITTAGSBETREUUNG\u00a0 eingef\u00fchrt.<br \/>\nDiese versteht sich als Angebot f\u00fcr Eltern, die eine schulinterne Betreuung des Schulkindes am Nachmittag w\u00fcnschen.<\/p>\n<p><strong>Nachmittagsbetreuung umfasst Mittagessen, Lernbetreuung und Freizeitgestaltung.<\/strong><\/p>\n<p>F\u00fcr die Freizeitgestaltung haben wir zus\u00e4tzlich eine P\u00e4dagogin, damit die Sch\u00fclerinnen und Sch\u00fcler Erholungsphasen vom Lernen einbauen k\u00f6nnen.<\/p>\n<p><strong>\u00d6ffnungszeiten<\/strong>:<\/p>\n<p>Mo &#8211; Do jeweils von 12.30 &#8211; 16.10 Uhr<\/p>\n<p>Fr 12.30 &#8211; 14.00 Uhr<\/p>\n<p><strong>Kosten<\/strong>:<\/p>\n<p>Unsere Stadtgemeinde bietet einen sehr g\u00fcnstigen Tarif an.<br \/>\nSie k\u00f6nnen Ihr Kind tageweise anmelden. F\u00fcr 1 Tag\/Woche sind jeweils \u20ac 10,00 im Monat zu bezahlen.<br \/>\nEin Mittagessen wird t\u00e4glich angeboten, ist aber extra zu bezahlen.<\/p>\n<p><strong>Betreuungskonzept<\/strong>:<\/p>\n<p>Lernbetreuung &#8211; Hilfestellung bei Lernschwierigkeiten<br \/>\nErledigung der Haus\u00fcbungen<br \/>\nVorbereitung auf Pr\u00fcfungen<br \/>\nSport- und Spielangeboten zur Auflockerung<\/p>\n<p>Wichtig ist aber die Bereitschaft der Kinder, anstehende Aufgaben ordentlich zu erledigen.<br \/>\nNur so kann es zu einem erkennbaren Erfolg kommen.<br \/>\nDie Betreuungskr\u00e4fte werden jedenfalls versuchen, Ihr Kind bestm\u00f6glich zu motivieren.<\/p>\n<\/div>\n<\/div>\n<\/div><\/section><\/div>\n","protected":false},"excerpt":{"rendered":"","protected":false},"author":1,"featured_media":0,"parent":0,"menu_order":0,"comment_status":"closed","ping_status":"closed","template":"","meta":{"footnotes":""},"class_list":["post-425","page","type-page","status-publish","hentry"],"_links":{"self":[{"href":"https:\/\/www.mittelschule-perg.at\/stadtzentrum\/wp-json\/wp\/v2\/pages\/425","targetHints":{"allow":["GET"]}}],"collection":[{"href":"https:\/\/www.mittelschule-perg.at\/stadtzentrum\/wp-json\/wp\/v2\/pages"}],"about":[{"href":"https:\/\/www.mittelschule-perg.at\/stadtzentrum\/wp-json\/wp\/v2\/types\/page"}],"author":[{"embeddable":true,"href":"https:\/\/www.mittelschule-perg.at\/stadtzentrum\/wp-json\/wp\/v2\/users\/1"}],"replies":[{"embeddable":true,"href":"https:\/\/www.mittelschule-perg.at\/stadtzentrum\/wp-json\/wp\/v2\/comments?post=425"}],"version-history":[{"count":2,"href":"https:\/\/www.mittelschule-perg.at\/stadtzentrum\/wp-json\/wp\/v2\/pages\/425\/revisions"}],"predecessor-version":[{"id":6463,"href":"https:\/\/www.mittelschule-perg.at\/stadtzentrum\/wp-json\/wp\/v2\/pages\/425\/revisions\/6463"}],"wp:attachment":[{"href":"https:\/\/www.mittelschule-perg.at\/stadtzentrum\/wp-json\/wp\/v2\/media?parent=425"}],"curies":[{"name":"wp","href":"https:\/\/api.w.org\/{rel}","templated":true}]}}