{"id":5625,"date":"2022-09-29T15:12:10","date_gmt":"2022-09-29T13:12:10","guid":{"rendered":"https:\/\/www.mittelschule-perg.at\/stadtzentrum\/?page_id=5625"},"modified":"2024-10-17T15:00:33","modified_gmt":"2024-10-17T13:00:33","slug":"erasmus","status":"publish","type":"page","link":"https:\/\/www.mittelschule-perg.at\/stadtzentrum\/erasmus\/","title":{"rendered":"Erasmus+"},"content":{"rendered":"<div  class='flex_column av-ltfy1-925b5edbbb6d944f70a895cc678d1735 av_one_third  avia-builder-el-0  el_before_av_two_third  avia-builder-el-first  first flex_column_div  '     ><p>\n<style type=\"text\/css\" data-created_by=\"avia_inline_auto\" id=\"style-css-av-l8n3dfwi-a12b08f70e62df4e2f888adcd6fbb288\">\n#top .hr.hr-invisible.av-l8n3dfwi-a12b08f70e62df4e2f888adcd6fbb288{\nheight:100px;\n}\n<\/style>\n<div  class='hr av-l8n3dfwi-a12b08f70e62df4e2f888adcd6fbb288 hr-invisible  avia-builder-el-1  el_before_av_image  avia-builder-el-first '><span class='hr-inner '><span class=\"hr-inner-style\"><\/span><\/span><\/div><br \/>\n\n<style type=\"text\/css\" data-created_by=\"avia_inline_auto\" id=\"style-css-av-l8n2rl2v-9136e8cafa259509013471cb0be68199\">\n.avia-image-container.av-l8n2rl2v-9136e8cafa259509013471cb0be68199 img.avia_image{\nbox-shadow:none;\n}\n.avia-image-container.av-l8n2rl2v-9136e8cafa259509013471cb0be68199 .av-image-caption-overlay-center{\ncolor:#ffffff;\n}\n<\/style>\n<div  class='avia-image-container av-l8n2rl2v-9136e8cafa259509013471cb0be68199 av-styling- avia-align-center  avia-builder-el-2  el_after_av_hr  avia-builder-el-last '   itemprop=\"image\" itemscope=\"itemscope\" itemtype=\"https:\/\/schema.org\/ImageObject\" ><div class=\"avia-image-container-inner\"><div class=\"avia-image-overlay-wrap\"><img decoding=\"async\" fetchpriority=\"high\" class='wp-image-5629 avia-img-lazy-loading-not-5629 avia_image ' src=\"https:\/\/www.mittelschule-perg.at\/stadtzentrum\/wp-content\/uploads\/2022\/09\/Unbenannt-277x300.png\" alt='' title='Unbenannt'  height=\"300\" width=\"277\"  itemprop=\"thumbnailUrl\" srcset=\"https:\/\/www.mittelschule-perg.at\/stadtzentrum\/wp-content\/uploads\/2022\/09\/Unbenannt-277x300.png 277w, https:\/\/www.mittelschule-perg.at\/stadtzentrum\/wp-content\/uploads\/2022\/09\/Unbenannt.png 487w\" sizes=\"(max-width: 277px) 100vw, 277px\" \/><\/div><\/div><\/div><\/p><\/div>\n<div  class='flex_column av-4ll73t-13106f3f3760b8106aa2dfc5979e7112 av_two_third  avia-builder-el-3  el_after_av_one_third  el_before_av_hr  flex_column_div  '     ><p>\n<style type=\"text\/css\" data-created_by=\"avia_inline_auto\" id=\"style-css-av-l8n2s8e9-c296760177cc0b7229fa838d7b1173b3\">\n.avia-image-container.av-l8n2s8e9-c296760177cc0b7229fa838d7b1173b3 img.avia_image{\nbox-shadow:none;\n}\n.avia-image-container.av-l8n2s8e9-c296760177cc0b7229fa838d7b1173b3 .av-image-caption-overlay-center{\ncolor:#ffffff;\n}\n<\/style>\n<div  class='avia-image-container av-l8n2s8e9-c296760177cc0b7229fa838d7b1173b3 av-styling- avia-align-left  avia-builder-el-4  el_before_av_hr  avia-builder-el-first '   itemprop=\"image\" itemscope=\"itemscope\" itemtype=\"https:\/\/schema.org\/ImageObject\" ><div class=\"avia-image-container-inner\"><div class=\"avia-image-overlay-wrap\"><img decoding=\"async\" fetchpriority=\"high\" class='wp-image-5630 avia-img-lazy-loading-not-5630 avia_image ' src=\"https:\/\/www.mittelschule-perg.at\/stadtzentrum\/wp-content\/uploads\/2022\/09\/Erasmus-Logo-1-300x86.png\" alt='' title='Erasmus Logo'  height=\"86\" width=\"300\"  itemprop=\"thumbnailUrl\" srcset=\"https:\/\/www.mittelschule-perg.at\/stadtzentrum\/wp-content\/uploads\/2022\/09\/Erasmus-Logo-1-300x86.png 300w, https:\/\/www.mittelschule-perg.at\/stadtzentrum\/wp-content\/uploads\/2022\/09\/Erasmus-Logo-1-1030x295.png 1030w, https:\/\/www.mittelschule-perg.at\/stadtzentrum\/wp-content\/uploads\/2022\/09\/Erasmus-Logo-1-768x220.png 768w, https:\/\/www.mittelschule-perg.at\/stadtzentrum\/wp-content\/uploads\/2022\/09\/Erasmus-Logo-1-705x202.png 705w, https:\/\/www.mittelschule-perg.at\/stadtzentrum\/wp-content\/uploads\/2022\/09\/Erasmus-Logo-1-350x100.png 350w, https:\/\/www.mittelschule-perg.at\/stadtzentrum\/wp-content\/uploads\/2022\/09\/Erasmus-Logo-1.png 1280w\" sizes=\"(max-width: 300px) 100vw, 300px\" \/><\/div><\/div><\/div><br \/>\n\n<style type=\"text\/css\" data-created_by=\"avia_inline_auto\" id=\"style-css-av-l8n3avfr-2d4ad3eaa0a7eed7fb788866bd8c31e2\">\n#top .hr.hr-invisible.av-l8n3avfr-2d4ad3eaa0a7eed7fb788866bd8c31e2{\nheight:15px;\n}\n<\/style>\n<div  class='hr av-l8n3avfr-2d4ad3eaa0a7eed7fb788866bd8c31e2 hr-invisible  avia-builder-el-5  el_after_av_image  el_before_av_textblock '><span class='hr-inner '><span class=\"hr-inner-style\"><\/span><\/span><\/div><br \/>\n<section  class='av_textblock_section av-l8n2zj88-bece43a9d7f956f2c05af6f01b8a8b7d '   itemscope=\"itemscope\" itemtype=\"https:\/\/schema.org\/CreativeWork\" ><div class='avia_textblock'  itemprop=\"text\" ><p>Wir nahmen im Schuljahr 2022\/23 als Schule am Projekt &#8222;Erasmus+&#8220; teil.<\/p>\n<p><strong>Aber was ist das und welche Ziele verfolgt die EU mit Erasmus+ Schulbildung?<\/strong><\/p>\n<div class=\"textmedia-body\">\n<ul>\n<li>Erasmus+ steigert die Qualit\u00e4t und Effizienz der fr\u00fchkindlichen\/schulischen Bildung in Europa.<\/li>\n<li>Erasmus+ macht die Elementar- und Schulbildung in Europa gerechter, indem es Benachteiligungen entgegenwirkt und integrative Konzepte unterst\u00fctzt.<\/li>\n<li>Erasmus+ weckt bei Lehrpersonen und anderen Fachkr\u00e4ften im fr\u00fchkindlichen\/schulischen Bereich die Lust am internationalen Austausch.<\/li>\n<li>Erasmus+ f\u00f6rdert die Entwicklung von Kindern, Jugendlichen, P\u00e4dagoginnen und P\u00e4dagogen, Lehrkr\u00e4ften und anderen in der fr\u00fchkindlichen\/schulischen Bildung t\u00e4tigen Personen \u2013 und steigert damit nicht zuletzt deren Karrierechancen.<\/li>\n<li>Erasmus+ bereichert Schulen und Institutionen im fr\u00fchkindlichen\/schulischen Bereich \u2013 durch ausl\u00e4ndische G\u00e4ste, die eine Weile dort lehren oder lernen und durch die Zusammenarbeit mit Partnerinstitutionen im Ausland.<\/li>\n<li>Erasmus+ tr\u00e4gt dazu bei, dass Europa zu einem attraktiven Kontinent der Bildung und zu einer Wertegemeinschaft zusammenw\u00e4chst.<\/li>\n<\/ul>\n<\/div>\n<\/div><\/section><\/p><\/div>\n<style type=\"text\/css\" data-created_by=\"avia_inline_auto\" id=\"style-css-av-l8n3bu1v-a52962a26b769bcd0863577e71620f4b\">\n#top .hr.hr-invisible.av-l8n3bu1v-a52962a26b769bcd0863577e71620f4b{\nmargin-top:-30px;\nheight:1px;\n}\n<\/style>\n<div  class='hr av-l8n3bu1v-a52962a26b769bcd0863577e71620f4b hr-invisible  avia-builder-el-7  el_after_av_two_third  el_before_av_one_full '><span class='hr-inner '><span class=\"hr-inner-style\"><\/span><\/span><\/div><\/p>\n<div  class='flex_column av-cqsop-8a89b72df78e5213cdbf731f5dfc2703 av_one_full  avia-builder-el-8  el_after_av_hr  el_before_av_hr  first flex_column_div  '     ><section  class='av_textblock_section av-l8n374b7-99d3cc1672e63ed37a85360cc86001e0 '   itemscope=\"itemscope\" itemtype=\"https:\/\/schema.org\/CreativeWork\" ><div class='avia_textblock'  itemprop=\"text\" ><p>Vom <strong>Montag 10. Oktober bis Samstag 15. Oktober 2022<\/strong> kommen Sch\u00fclerinnen und Sch\u00fcler aus Deutschland, Lettland, Italien und Spanien zu Besuch nach \u00d6sterreich. Geplant ist, den G\u00e4sten eine abwechslungsreiche Woche zu bieten.<\/p>\n<p>Wir besuchen unserer Erasmus+ Partner in den folgenden Wochen:<\/p>\n<ul>\n<li>05.12.22 &#8211; 09.12.22 (Deutschland)<\/li>\n<li>17.04.23 &#8211; 21.04.23 (Lettland)<\/li>\n<li>08.05.23 &#8211; 12.05.23 (Italien)<\/li>\n<\/ul>\n<\/div><\/section><\/div>\n\n<style type=\"text\/css\" data-created_by=\"avia_inline_auto\" id=\"style-css-av-l8n3ezvn-3ef2cb55bf42ea292777aed365f1009f\">\n#top .hr.hr-invisible.av-l8n3ezvn-3ef2cb55bf42ea292777aed365f1009f{\nmargin-top:-20px;\nheight:1px;\n}\n<\/style>\n<div  class='hr av-l8n3ezvn-3ef2cb55bf42ea292777aed365f1009f hr-invisible  avia-builder-el-10  el_after_av_one_full  el_before_av_textblock '><span class='hr-inner '><span class=\"hr-inner-style\"><\/span><\/span><\/div>\n<section  class='av_textblock_section av-l8n3fmpu-22e3a94e872988df99b0edb3a94c2c87 '   itemscope=\"itemscope\" itemtype=\"https:\/\/schema.org\/CreativeWork\" ><div class='avia_textblock'  itemprop=\"text\" ><h3 style=\"text-align: center;\"><strong>Programm f\u00fcr 10.10.22 &#8211; 15.10.22<\/strong><\/h3>\n<\/div><\/section>\n\n<style type=\"text\/css\" data-created_by=\"avia_inline_auto\" id=\"style-css-av-l8n3h1cm-7990e68ab8423fbfdab0cf65cf8e0e6c\">\n#top .hr.hr-invisible.av-l8n3h1cm-7990e68ab8423fbfdab0cf65cf8e0e6c{\nheight:5px;\n}\n<\/style>\n<div  class='hr av-l8n3h1cm-7990e68ab8423fbfdab0cf65cf8e0e6c hr-invisible  avia-builder-el-12  el_after_av_textblock  el_before_av_one_full '><span class='hr-inner '><span class=\"hr-inner-style\"><\/span><\/span><\/div>\n<div  class='flex_column av-2es1rd-55786d95fafb736f91ec353d7b66e406 av_one_full  avia-builder-el-13  el_after_av_hr  avia-builder-el-last  first flex_column_div  '     ><style type=\"text\/css\" data-created_by=\"avia_inline_auto\" id=\"style-css-av-l8n39twk-0b7e329b7bb73bf17ed270f0ff7e3b9e\">\n.avia-image-container.av-l8n39twk-0b7e329b7bb73bf17ed270f0ff7e3b9e img.avia_image{\nbox-shadow:none;\n}\n.avia-image-container.av-l8n39twk-0b7e329b7bb73bf17ed270f0ff7e3b9e .av-image-caption-overlay-center{\ncolor:#ffffff;\n}\n<\/style>\n<div  class='avia-image-container av-l8n39twk-0b7e329b7bb73bf17ed270f0ff7e3b9e av-styling- avia-align-center  avia-builder-el-14  avia-builder-el-no-sibling '   itemprop=\"image\" itemscope=\"itemscope\" itemtype=\"https:\/\/schema.org\/ImageObject\" ><div class=\"avia-image-container-inner\"><div class=\"avia-image-overlay-wrap\"><img decoding=\"async\" fetchpriority=\"high\" class='wp-image-5634 avia-img-lazy-loading-not-5634 avia_image ' src=\"https:\/\/www.mittelschule-perg.at\/stadtzentrum\/wp-content\/uploads\/2022\/09\/Zeitplan_Erasmus.png\" alt='' title='Zeitplan_Erasmus'  height=\"792\" width=\"918\"  itemprop=\"thumbnailUrl\" srcset=\"https:\/\/www.mittelschule-perg.at\/stadtzentrum\/wp-content\/uploads\/2022\/09\/Zeitplan_Erasmus.png 918w, https:\/\/www.mittelschule-perg.at\/stadtzentrum\/wp-content\/uploads\/2022\/09\/Zeitplan_Erasmus-300x259.png 300w, https:\/\/www.mittelschule-perg.at\/stadtzentrum\/wp-content\/uploads\/2022\/09\/Zeitplan_Erasmus-768x663.png 768w, https:\/\/www.mittelschule-perg.at\/stadtzentrum\/wp-content\/uploads\/2022\/09\/Zeitplan_Erasmus-705x608.png 705w\" sizes=\"(max-width: 918px) 100vw, 918px\" \/><\/div><\/div><\/div><\/div>\n","protected":false},"excerpt":{"rendered":"","protected":false},"author":3,"featured_media":0,"parent":0,"menu_order":0,"comment_status":"closed","ping_status":"closed","template":"","meta":{"footnotes":""},"class_list":["post-5625","page","type-page","status-publish","hentry"],"_links":{"self":[{"href":"https:\/\/www.mittelschule-perg.at\/stadtzentrum\/wp-json\/wp\/v2\/pages\/5625","targetHints":{"allow":["GET"]}}],"collection":[{"href":"https:\/\/www.mittelschule-perg.at\/stadtzentrum\/wp-json\/wp\/v2\/pages"}],"about":[{"href":"https:\/\/www.mittelschule-perg.at\/stadtzentrum\/wp-json\/wp\/v2\/types\/page"}],"author":[{"embeddable":true,"href":"https:\/\/www.mittelschule-perg.at\/stadtzentrum\/wp-json\/wp\/v2\/users\/3"}],"replies":[{"embeddable":true,"href":"https:\/\/www.mittelschule-perg.at\/stadtzentrum\/wp-json\/wp\/v2\/comments?post=5625"}],"version-history":[{"count":19,"href":"https:\/\/www.mittelschule-perg.at\/stadtzentrum\/wp-json\/wp\/v2\/pages\/5625\/revisions"}],"predecessor-version":[{"id":7019,"href":"https:\/\/www.mittelschule-perg.at\/stadtzentrum\/wp-json\/wp\/v2\/pages\/5625\/revisions\/7019"}],"wp:attachment":[{"href":"https:\/\/www.mittelschule-perg.at\/stadtzentrum\/wp-json\/wp\/v2\/media?parent=5625"}],"curies":[{"name":"wp","href":"https:\/\/api.w.org\/{rel}","templated":true}]}}