{"id":5662,"date":"2026-04-22T17:55:58","date_gmt":"2026-04-22T15:55:58","guid":{"rendered":"https:\/\/www.mittelschule-perg.at\/stadtzentrum\/?page_id=5662"},"modified":"2026-04-13T12:10:51","modified_gmt":"2026-04-13T10:10:51","slug":"elternsprechtag","status":"publish","type":"page","link":"https:\/\/www.mittelschule-perg.at\/stadtzentrum\/elternsprechtag\/","title":{"rendered":"Elternsprechtag"},"content":{"rendered":"\n<style type=\"text\/css\" data-created_by=\"avia_inline_auto\" id=\"style-css-av-l8w1oxyk-028cce60e3ca6574506057369c9b4b54\">\n.avia-image-container.av-l8w1oxyk-028cce60e3ca6574506057369c9b4b54 img.avia_image{\nbox-shadow:none;\n}\n.avia-image-container.av-l8w1oxyk-028cce60e3ca6574506057369c9b4b54 .av-image-caption-overlay-center{\ncolor:#ffffff;\n}\n<\/style>\n<div  class='avia-image-container av-l8w1oxyk-028cce60e3ca6574506057369c9b4b54 av-styling- avia-align-center  avia-builder-el-0  el_before_av_textblock  avia-builder-el-first '   itemprop=\"image\" itemscope=\"itemscope\" itemtype=\"https:\/\/schema.org\/ImageObject\" ><div class=\"avia-image-container-inner\"><div class=\"avia-image-overlay-wrap\"><img decoding=\"async\" fetchpriority=\"high\" class='wp-image-5671 avia-img-lazy-loading-not-5671 avia_image ' src=\"https:\/\/www.mittelschule-perg.at\/stadtzentrum\/wp-content\/uploads\/2022\/10\/360_F_65313286_hxEBFeiy05yROeRm3GSJifEKNADWm4RK-260x185.jpg\" alt='' title='360_F_65313286_hxEBFeiy05yROeRm3GSJifEKNADWm4RK'  height=\"185\" width=\"260\"  itemprop=\"thumbnailUrl\" srcset=\"https:\/\/www.mittelschule-perg.at\/stadtzentrum\/wp-content\/uploads\/2022\/10\/360_F_65313286_hxEBFeiy05yROeRm3GSJifEKNADWm4RK-260x185.jpg 260w, https:\/\/www.mittelschule-perg.at\/stadtzentrum\/wp-content\/uploads\/2022\/10\/360_F_65313286_hxEBFeiy05yROeRm3GSJifEKNADWm4RK-300x212.jpg 300w, https:\/\/www.mittelschule-perg.at\/stadtzentrum\/wp-content\/uploads\/2022\/10\/360_F_65313286_hxEBFeiy05yROeRm3GSJifEKNADWm4RK.jpg 509w\" sizes=\"(max-width: 260px) 100vw, 260px\" \/><\/div><\/div><\/div>\n<section  class='av_textblock_section av-l8w17qhs-516d11a029ad2e6ddabac5b0d8e18e6f '   itemscope=\"itemscope\" itemtype=\"https:\/\/schema.org\/CreativeWork\" ><div class='avia_textblock'  itemprop=\"text\" ><h4 style=\"text-align: center;\"><strong>Online-Buchung<\/strong><\/h4>\n<\/div><\/section>\n\n<style type=\"text\/css\" data-created_by=\"avia_inline_auto\" id=\"style-css-av-2q1s9q-1fa1ca19ba9a0022a9e6b26084cb897c\">\n#top .hr.hr-invisible.av-2q1s9q-1fa1ca19ba9a0022a9e6b26084cb897c{\nmargin-top:0px;\nheight:1px;\n}\n<\/style>\n<div  class='hr av-2q1s9q-1fa1ca19ba9a0022a9e6b26084cb897c hr-invisible  avia-builder-el-2  el_after_av_textblock  el_before_av_textblock '><span class='hr-inner '><span class=\"hr-inner-style\"><\/span><\/span><\/div>\n<section  class='av_textblock_section av-l8w1crqw-19d90ec8437f66457e446e15e628861e '   itemscope=\"itemscope\" itemtype=\"https:\/\/schema.org\/CreativeWork\" ><div class='avia_textblock'  itemprop=\"text\" ><p style=\"text-align: center;\">Liebe Eltern!<\/p>\n<p style=\"text-align: center;\">Wir laden Sie am Dienstag<strong>, den 29. April 2026 von 14:00 Uhr &#8211; 19:00 Uhr<\/strong> zum zweiten Elternsprechtag ein.<br \/>\nDie<strong> 1. und 4. Klassen<\/strong> haben dieses Mal zus\u00e4tzlich zum allgemeinen Informationsgespr\u00e4ch auch das <strong>verpflichtende KEL-Gespr\u00e4ch<\/strong>.<\/p>\n<p style=\"text-align: center;\"><strong><span style=\"color: #3366ff;\">N\u00e4here Informationen zum KEL-Gespr\u00e4ch erhalten Ihre Kinder vom jeweiligen Klassenvorstand.<\/span><\/strong><br \/>\n<strong> <span style=\"color: #3366ff;\">KEL-Gespr\u00e4che sind grunds\u00e4tzlich bei jeder unterrichtenden Lehrkraft der Klasse buchbar.<\/span><\/strong><\/p>\n<p style=\"text-align: center;\">Sie k\u00f6nnen ganz bequem einen Termin online von zu Hause aus buchen, umbuchen oder stornieren.<\/p>\n<p style=\"text-align: center;\"><strong>Bitte beachten Sie, dass eine Buchung erst ab 22.04.2026 &#8211; 18:00 Uhr m\u00f6glich ist!<\/strong><\/p>\n<p style=\"text-align: center;\">Wir w\u00fcnschen anregende Gespr\u00e4che und einen regen Austausch!<\/p>\n<\/div><\/section>\n\n<style type=\"text\/css\" data-created_by=\"avia_inline_auto\" id=\"style-css-av-2wuzfi-1e3f2453f2534d511332320142fc413a\">\n#top .hr.hr-invisible.av-2wuzfi-1e3f2453f2534d511332320142fc413a{\nheight:10px;\n}\n<\/style>\n<div  class='hr av-2wuzfi-1e3f2453f2534d511332320142fc413a hr-invisible  avia-builder-el-4  el_after_av_textblock  el_before_av_hr '><span class='hr-inner '><span class=\"hr-inner-style\"><\/span><\/span><\/div>\n\n<style type=\"text\/css\" data-created_by=\"avia_inline_auto\" id=\"style-css-av-lafmhtqp-be38e1497a1f2d7f25bf9396ec2f9168\">\n#top .hr.hr-invisible.av-lafmhtqp-be38e1497a1f2d7f25bf9396ec2f9168{\nheight:15px;\n}\n<\/style>\n<div  class='hr av-lafmhtqp-be38e1497a1f2d7f25bf9396ec2f9168 hr-invisible  avia-builder-el-5  el_after_av_hr  el_before_av_button '><span class='hr-inner '><span class=\"hr-inner-style\"><\/span><\/span><\/div>\n<div  class='avia-button-wrap av-l8w1dv85-0ffc71e8e02fe00cfbafd822134aa2c9-wrap avia-button-center  avia-builder-el-6  el_after_av_hr  avia-builder-el-last '><a href='https:\/\/outlook.office.com\/book\/TerminbuchungfrElternsprechtagam2911@mittelschule-stadtzentrum.at\/'  class='avia-button av-l8w1dv85-0ffc71e8e02fe00cfbafd822134aa2c9 av-link-btn avia-icon_select-no avia-size-small avia-position-center avia-color-theme-color'   aria-label=\"Termin buchen\"><span class='avia_iconbox_title' >Termin buchen<\/span><\/a><\/div>\n","protected":false},"excerpt":{"rendered":"","protected":false},"author":2,"featured_media":0,"parent":0,"menu_order":0,"comment_status":"closed","ping_status":"closed","template":"","meta":{"footnotes":""},"class_list":["post-5662","page","type-page","status-publish","hentry"],"_links":{"self":[{"href":"https:\/\/www.mittelschule-perg.at\/stadtzentrum\/wp-json\/wp\/v2\/pages\/5662","targetHints":{"allow":["GET"]}}],"collection":[{"href":"https:\/\/www.mittelschule-perg.at\/stadtzentrum\/wp-json\/wp\/v2\/pages"}],"about":[{"href":"https:\/\/www.mittelschule-perg.at\/stadtzentrum\/wp-json\/wp\/v2\/types\/page"}],"author":[{"embeddable":true,"href":"https:\/\/www.mittelschule-perg.at\/stadtzentrum\/wp-json\/wp\/v2\/users\/2"}],"replies":[{"embeddable":true,"href":"https:\/\/www.mittelschule-perg.at\/stadtzentrum\/wp-json\/wp\/v2\/comments?post=5662"}],"version-history":[{"count":36,"href":"https:\/\/www.mittelschule-perg.at\/stadtzentrum\/wp-json\/wp\/v2\/pages\/5662\/revisions"}],"predecessor-version":[{"id":7880,"href":"https:\/\/www.mittelschule-perg.at\/stadtzentrum\/wp-json\/wp\/v2\/pages\/5662\/revisions\/7880"}],"wp:attachment":[{"href":"https:\/\/www.mittelschule-perg.at\/stadtzentrum\/wp-json\/wp\/v2\/media?parent=5662"}],"curies":[{"name":"wp","href":"https:\/\/api.w.org\/{rel}","templated":true}]}}