{"id":7031,"date":"2024-10-17T15:48:16","date_gmt":"2024-10-17T13:48:16","guid":{"rendered":"https:\/\/www.mittelschule-perg.at\/stadtzentrum\/?page_id=7031"},"modified":"2024-10-22T10:42:30","modified_gmt":"2024-10-22T08:42:30","slug":"fussball","status":"publish","type":"page","link":"https:\/\/www.mittelschule-perg.at\/stadtzentrum\/fussball\/","title":{"rendered":"Fu\u00dfball"},"content":{"rendered":"<section  class='av_textblock_section av-m2k6ty15-ef74a12959fa00b7123361bb893b5c86 '   itemscope=\"itemscope\" itemtype=\"https:\/\/schema.org\/CreativeWork\" ><div class='avia_textblock'  itemprop=\"text\" ><p>Die Sch\u00fclerliga Fu\u00dfballmannschaft der MS Perg Stadtzentrum hat gro\u00dfe Tradition. Jedes Jahr zu Schulbeginn formiert Coach Paul Grabner ein neues Team und bereitet es auf die Vorrunde der Bezirksmeisterschaft vor. Viele Trainings sind nicht m\u00f6glich, die Vorbereitungszeit ist kurz. Schon Mitte Oktober stehen immer die gro\u00dfen Vorrundenturniere zuhause in Perg und ausw\u00e4rts in Baumgartenberg am Programm.<\/p>\n<p>Der Fu\u00dfball Sch\u00fclerliga Bewerb hat im Bezirk Perg einen besonders gro\u00dfen Stellenwert. Das Sch\u00fclerliga Organisationsteam rund um Froschauer Matthias von der Sportmittelschule Bad Kreuzen stellt jedes Jahr den gr\u00f6\u00dften Bezirksbewerb des Landes Ober\u00f6sterreich auf die Beine. Bis zu 12 Mannschaften nehmen Jahr f\u00fcr Jahr an diesem Bewerb teil. Neben dem ebenso aufregendem Hallenbewerb Futsal, stehen nat\u00fcrlich auch die U15-Bezirksbewerbe am Feld und in der Halle am Plan.<\/p>\n<p>Das Futsal-Turnier findet traditionell Anfang Dezember statt und konnte in den letzten Jahren mehrmals gewonnen werden. Den Bezirksmeistertitel am Feld verpasste unser Sch\u00fclerligateam leider mehrmals knapp.\u00a0 Das Team von Coach Paul Grabner konnte aber 2018 und 2019 jeweils das Finale erreichen.<\/p>\n<p>Der gr\u00f6\u00dfte Erfolg konnte im Jahr 2020 erreicht werden. Der Jahrgang 2007 gewann den Futsal Bezirksmeistertitel in der Halle. Die Mannschaft von Coach Paul Grabner konnte dann sogar die Zwischenrunde in Rohrbach \u00fcberstehen und erreichte somit das Landesfinale in Steyer. In der Stadthalle Steyer \u00fcberraschte man dann sogar mit einem Sieg gegen die Sportmittelschule Kleinm\u00fcnchen. Legend\u00e4r!<\/p>\n<\/div><\/section>\n\n<style type=\"text\/css\" data-created_by=\"avia_inline_auto\" id=\"style-css-av-m2k6y3al-da4764039dfda8291ed5373b904c07ea\">\n.av-horizontal-gallery.av-m2k6y3al-da4764039dfda8291ed5373b904c07ea{\npadding:3.75% 0px;;\n}\n.av-horizontal-gallery.av-m2k6y3al-da4764039dfda8291ed5373b904c07ea .av-horizontal-gallery-inner{\npadding-bottom:25%;\n}\n<\/style>\n<div  class='av-horizontal-gallery av-m2k6y3al-da4764039dfda8291ed5373b904c07ea av-horizontal-gallery-large-gap av-horizontal-gallery-enlarge-effect  avia-builder-el-1  el_after_av_textblock  avia-builder-el-last  av-slideshow-ui av-control-default av-slideshow-manual av-loop-once av-loop-manual-once av-horizontal-gallery-1' data-slideshow-data=\"{&quot;enlarge&quot;:1.3,&quot;animation&quot;:&quot;slide&quot;,&quot;autoplay&quot;:false,&quot;loop_autoplay&quot;:&quot;once&quot;,&quot;interval&quot;:5,&quot;loop_manual&quot;:&quot;manual-once&quot;,&quot;autoplay_stopper&quot;:false,&quot;noNavigation&quot;:false,&quot;bg_slider&quot;:false,&quot;keep_padding&quot;:&quot;&quot;,&quot;hoverpause&quot;:false,&quot;show_slide_delay&quot;:0}\"  itemprop=\"image\" itemscope=\"itemscope\" itemtype=\"https:\/\/schema.org\/ImageObject\" ><div class='avia-slideshow-arrows avia-slideshow-controls' ><a href='#prev' class='prev-slide av-horizontal-gallery-prev avia-svg-icon avia-font-svg_entypo-fontello' data-av_svg_icon='left-open-big' data-av_iconset='svg_entypo-fontello' tabindex='-1' title=\"Zur\u00fcck\"><svg version=\"1.1\" xmlns=\"http:\/\/www.w3.org\/2000\/svg\" width=\"15\" height=\"32\" viewBox=\"0 0 15 32\" preserveAspectRatio=\"xMidYMid meet\" aria-labelledby='av-svg-title-1' aria-describedby='av-svg-desc-1' role=\"graphics-symbol\" aria-hidden=\"true\">\n<title id='av-svg-title-1'>Zur\u00fcck<\/title>\n<desc id='av-svg-desc-1'>Zur\u00fcck<\/desc>\n<path d=\"M14.464 27.84q0.832 0.832 0 1.536-0.832 0.832-1.536 0l-12.544-12.608q-0.768-0.768 0-1.6l12.544-12.608q0.704-0.832 1.536 0 0.832 0.704 0 1.536l-11.456 11.904z\"><\/path>\n<\/svg><span class='avia_hidden_link_text'>Zur\u00fcck<\/span><\/a><a href='#next' class='next-slide av-horizontal-gallery-next avia-svg-icon avia-font-svg_entypo-fontello' data-av_svg_icon='right-open-big' data-av_iconset='svg_entypo-fontello' tabindex='-1' title=\"Weiter\"><svg version=\"1.1\" xmlns=\"http:\/\/www.w3.org\/2000\/svg\" width=\"15\" height=\"32\" viewBox=\"0 0 15 32\" preserveAspectRatio=\"xMidYMid meet\" aria-labelledby='av-svg-title-2' aria-describedby='av-svg-desc-2' role=\"graphics-symbol\" aria-hidden=\"true\">\n<title id='av-svg-title-2'>Weiter<\/title>\n<desc id='av-svg-desc-2'>Weiter<\/desc>\n<path d=\"M0.416 27.84l11.456-11.84-11.456-11.904q-0.832-0.832 0-1.536 0.832-0.832 1.536 0l12.544 12.608q0.768 0.832 0 1.6l-12.544 12.608q-0.704 0.832-1.536 0-0.832-0.704 0-1.536z\"><\/path>\n<\/svg><span class='avia_hidden_link_text'>Weiter<\/span><\/a><\/div><div class='avia-slideshow-dots avia-slideshow-controls av-horizontal-gallery-dots fade-in'><a href='#1' class='goto-slide active' >1<\/a><a href='#2' class='goto-slide ' >2<\/a><a href='#3' class='goto-slide ' >3<\/a><a href='#4' class='goto-slide ' >4<\/a><a href='#5' class='goto-slide ' >5<\/a><a href='#6' class='goto-slide ' >6<\/a><a href='#7' class='goto-slide ' >7<\/a><\/div><div class='av-horizontal-gallery-inner' data-av-height='25'><div class=\"av-horizontal-gallery-slider\"><div class=\"av-horizontal-gallery-wrap noHover\"><img decoding=\"async\" fetchpriority=\"high\" class='wp-image-6557 avia-img-lazy-loading-not-6557 av-horizontal-gallery-img' width=\"1030\" height=\"773\" src=\"https:\/\/www.mittelschule-perg.at\/stadtzentrum\/wp-content\/uploads\/2024\/01\/IMG_3082-1030x773.jpg\" title='IMG_3082' alt='' srcset=\"https:\/\/www.mittelschule-perg.at\/stadtzentrum\/wp-content\/uploads\/2024\/01\/IMG_3082-1030x773.jpg 1030w, https:\/\/www.mittelschule-perg.at\/stadtzentrum\/wp-content\/uploads\/2024\/01\/IMG_3082-300x225.jpg 300w, https:\/\/www.mittelschule-perg.at\/stadtzentrum\/wp-content\/uploads\/2024\/01\/IMG_3082-768x576.jpg 768w, https:\/\/www.mittelschule-perg.at\/stadtzentrum\/wp-content\/uploads\/2024\/01\/IMG_3082-1536x1152.jpg 1536w, https:\/\/www.mittelschule-perg.at\/stadtzentrum\/wp-content\/uploads\/2024\/01\/IMG_3082-2048x1536.jpg 2048w, https:\/\/www.mittelschule-perg.at\/stadtzentrum\/wp-content\/uploads\/2024\/01\/IMG_3082-1500x1125.jpg 1500w, https:\/\/www.mittelschule-perg.at\/stadtzentrum\/wp-content\/uploads\/2024\/01\/IMG_3082-705x529.jpg 705w\" sizes=\"(max-width: 1030px) 100vw, 1030px\" \/><a href=\"https:\/\/www.mittelschule-perg.at\/stadtzentrum\/wp-content\/uploads\/2024\/01\/IMG_3082-1030x773.jpg\" data-srcset=\"https:\/\/www.mittelschule-perg.at\/stadtzentrum\/wp-content\/uploads\/2024\/01\/IMG_3082-1030x773.jpg 1030w, https:\/\/www.mittelschule-perg.at\/stadtzentrum\/wp-content\/uploads\/2024\/01\/IMG_3082-300x225.jpg 300w, https:\/\/www.mittelschule-perg.at\/stadtzentrum\/wp-content\/uploads\/2024\/01\/IMG_3082-768x576.jpg 768w, https:\/\/www.mittelschule-perg.at\/stadtzentrum\/wp-content\/uploads\/2024\/01\/IMG_3082-1536x1152.jpg 1536w, https:\/\/www.mittelschule-perg.at\/stadtzentrum\/wp-content\/uploads\/2024\/01\/IMG_3082-2048x1536.jpg 2048w, https:\/\/www.mittelschule-perg.at\/stadtzentrum\/wp-content\/uploads\/2024\/01\/IMG_3082-1500x1125.jpg 1500w, https:\/\/www.mittelschule-perg.at\/stadtzentrum\/wp-content\/uploads\/2024\/01\/IMG_3082-705x529.jpg 705w\" data-sizes=\"(max-width: 1030px) 100vw, 1030px\" class='av-horizontal-gallery-link avia-svg-icon avia-font-svg_entypo-fontello' data-av_svg_icon='resize-full' data-av_iconset='svg_entypo-fontello' title='IMG_3082' alt='' aria-label='Open image in lightbox: IMG_3082'><svg version=\"1.1\" xmlns=\"http:\/\/www.w3.org\/2000\/svg\" width=\"25\" height=\"32\" viewBox=\"0 0 25 32\" preserveAspectRatio=\"xMidYMid meet\" aria-labelledby='av-svg-title-3' aria-describedby='av-svg-desc-3' role=\"graphics-symbol\" aria-hidden=\"true\">\n<title id='av-svg-title-3'>Open image in lightbox: IMG_3082<\/title>\n<desc id='av-svg-desc-3'>Open image in lightbox: IMG_3082<\/desc>\n<path d=\"M15.232 3.328h10.112v10.112l-3.2-3.968-4.672 4.864-3.2-3.2 4.864-4.672zM7.872 17.536l3.2 3.2-4.864 4.672 3.904 3.2h-10.112v-10.112l3.2 3.904z\"><\/path>\n<\/svg><\/a><\/div><div class=\"av-horizontal-gallery-wrap noHover\"><img decoding=\"async\" fetchpriority=\"high\" class='wp-image-5951 avia-img-lazy-loading-not-5951 av-horizontal-gallery-img' width=\"1030\" height=\"773\" src=\"https:\/\/www.mittelschule-perg.at\/stadtzentrum\/wp-content\/uploads\/2022\/11\/mannschaft_2022-1030x773.jpg\" title='mannschaft_2022' alt='' srcset=\"https:\/\/www.mittelschule-perg.at\/stadtzentrum\/wp-content\/uploads\/2022\/11\/mannschaft_2022-1030x773.jpg 1030w, https:\/\/www.mittelschule-perg.at\/stadtzentrum\/wp-content\/uploads\/2022\/11\/mannschaft_2022-300x225.jpg 300w, https:\/\/www.mittelschule-perg.at\/stadtzentrum\/wp-content\/uploads\/2022\/11\/mannschaft_2022-768x576.jpg 768w, https:\/\/www.mittelschule-perg.at\/stadtzentrum\/wp-content\/uploads\/2022\/11\/mannschaft_2022-1536x1152.jpg 1536w, https:\/\/www.mittelschule-perg.at\/stadtzentrum\/wp-content\/uploads\/2022\/11\/mannschaft_2022-2048x1536.jpg 2048w, https:\/\/www.mittelschule-perg.at\/stadtzentrum\/wp-content\/uploads\/2022\/11\/mannschaft_2022-1500x1125.jpg 1500w, https:\/\/www.mittelschule-perg.at\/stadtzentrum\/wp-content\/uploads\/2022\/11\/mannschaft_2022-705x529.jpg 705w\" sizes=\"(max-width: 1030px) 100vw, 1030px\" \/><a href=\"https:\/\/www.mittelschule-perg.at\/stadtzentrum\/wp-content\/uploads\/2022\/11\/mannschaft_2022-1030x773.jpg\" data-srcset=\"https:\/\/www.mittelschule-perg.at\/stadtzentrum\/wp-content\/uploads\/2022\/11\/mannschaft_2022-1030x773.jpg 1030w, https:\/\/www.mittelschule-perg.at\/stadtzentrum\/wp-content\/uploads\/2022\/11\/mannschaft_2022-300x225.jpg 300w, https:\/\/www.mittelschule-perg.at\/stadtzentrum\/wp-content\/uploads\/2022\/11\/mannschaft_2022-768x576.jpg 768w, https:\/\/www.mittelschule-perg.at\/stadtzentrum\/wp-content\/uploads\/2022\/11\/mannschaft_2022-1536x1152.jpg 1536w, https:\/\/www.mittelschule-perg.at\/stadtzentrum\/wp-content\/uploads\/2022\/11\/mannschaft_2022-2048x1536.jpg 2048w, https:\/\/www.mittelschule-perg.at\/stadtzentrum\/wp-content\/uploads\/2022\/11\/mannschaft_2022-1500x1125.jpg 1500w, https:\/\/www.mittelschule-perg.at\/stadtzentrum\/wp-content\/uploads\/2022\/11\/mannschaft_2022-705x529.jpg 705w\" data-sizes=\"(max-width: 1030px) 100vw, 1030px\" class='av-horizontal-gallery-link avia-svg-icon avia-font-svg_entypo-fontello' data-av_svg_icon='resize-full' data-av_iconset='svg_entypo-fontello' title='mannschaft_2022' alt='' aria-label='Open image in lightbox: mannschaft_2022'><svg version=\"1.1\" xmlns=\"http:\/\/www.w3.org\/2000\/svg\" width=\"25\" height=\"32\" viewBox=\"0 0 25 32\" preserveAspectRatio=\"xMidYMid meet\" aria-labelledby='av-svg-title-4' aria-describedby='av-svg-desc-4' role=\"graphics-symbol\" aria-hidden=\"true\">\n<title id='av-svg-title-4'>Open image in lightbox: mannschaft_2022<\/title>\n<desc id='av-svg-desc-4'>Open image in lightbox: mannschaft_2022<\/desc>\n<path d=\"M15.232 3.328h10.112v10.112l-3.2-3.968-4.672 4.864-3.2-3.2 4.864-4.672zM7.872 17.536l3.2 3.2-4.864 4.672 3.904 3.2h-10.112v-10.112l3.2 3.904z\"><\/path>\n<\/svg><\/a><\/div><div class=\"av-horizontal-gallery-wrap noHover\"><img decoding=\"async\" fetchpriority=\"high\" class='wp-image-7096 avia-img-lazy-loading-not-7096 av-horizontal-gallery-img' width=\"1030\" height=\"685\" src=\"https:\/\/www.mittelschule-perg.at\/stadtzentrum\/wp-content\/uploads\/2024\/10\/DSC06059-1030x685.jpg\" title='SONY DSC' alt='' srcset=\"https:\/\/www.mittelschule-perg.at\/stadtzentrum\/wp-content\/uploads\/2024\/10\/DSC06059-1030x685.jpg 1030w, https:\/\/www.mittelschule-perg.at\/stadtzentrum\/wp-content\/uploads\/2024\/10\/DSC06059-300x200.jpg 300w, https:\/\/www.mittelschule-perg.at\/stadtzentrum\/wp-content\/uploads\/2024\/10\/DSC06059-768x511.jpg 768w, https:\/\/www.mittelschule-perg.at\/stadtzentrum\/wp-content\/uploads\/2024\/10\/DSC06059-1536x1022.jpg 1536w, https:\/\/www.mittelschule-perg.at\/stadtzentrum\/wp-content\/uploads\/2024\/10\/DSC06059-2048x1363.jpg 2048w, https:\/\/www.mittelschule-perg.at\/stadtzentrum\/wp-content\/uploads\/2024\/10\/DSC06059-1500x998.jpg 1500w, https:\/\/www.mittelschule-perg.at\/stadtzentrum\/wp-content\/uploads\/2024\/10\/DSC06059-705x469.jpg 705w\" sizes=\"(max-width: 1030px) 100vw, 1030px\" \/><a href=\"https:\/\/www.mittelschule-perg.at\/stadtzentrum\/wp-content\/uploads\/2024\/10\/DSC06059-1030x685.jpg\" data-srcset=\"https:\/\/www.mittelschule-perg.at\/stadtzentrum\/wp-content\/uploads\/2024\/10\/DSC06059-1030x685.jpg 1030w, https:\/\/www.mittelschule-perg.at\/stadtzentrum\/wp-content\/uploads\/2024\/10\/DSC06059-300x200.jpg 300w, https:\/\/www.mittelschule-perg.at\/stadtzentrum\/wp-content\/uploads\/2024\/10\/DSC06059-768x511.jpg 768w, https:\/\/www.mittelschule-perg.at\/stadtzentrum\/wp-content\/uploads\/2024\/10\/DSC06059-1536x1022.jpg 1536w, https:\/\/www.mittelschule-perg.at\/stadtzentrum\/wp-content\/uploads\/2024\/10\/DSC06059-2048x1363.jpg 2048w, https:\/\/www.mittelschule-perg.at\/stadtzentrum\/wp-content\/uploads\/2024\/10\/DSC06059-1500x998.jpg 1500w, https:\/\/www.mittelschule-perg.at\/stadtzentrum\/wp-content\/uploads\/2024\/10\/DSC06059-705x469.jpg 705w\" data-sizes=\"(max-width: 1030px) 100vw, 1030px\" class='av-horizontal-gallery-link avia-svg-icon avia-font-svg_entypo-fontello' data-av_svg_icon='resize-full' data-av_iconset='svg_entypo-fontello' title='SONY DSC' alt='' aria-label='Open image in lightbox: SONY DSC'><svg version=\"1.1\" xmlns=\"http:\/\/www.w3.org\/2000\/svg\" width=\"25\" height=\"32\" viewBox=\"0 0 25 32\" preserveAspectRatio=\"xMidYMid meet\" aria-labelledby='av-svg-title-5' aria-describedby='av-svg-desc-5' role=\"graphics-symbol\" aria-hidden=\"true\">\n<title id='av-svg-title-5'>Open image in lightbox: SONY DSC<\/title>\n<desc id='av-svg-desc-5'>Open image in lightbox: SONY DSC<\/desc>\n<path d=\"M15.232 3.328h10.112v10.112l-3.2-3.968-4.672 4.864-3.2-3.2 4.864-4.672zM7.872 17.536l3.2 3.2-4.864 4.672 3.904 3.2h-10.112v-10.112l3.2 3.904z\"><\/path>\n<\/svg><\/a><\/div><div class=\"av-horizontal-gallery-wrap noHover\"><img decoding=\"async\" fetchpriority=\"high\" class='wp-image-7097 avia-img-lazy-loading-not-7097 av-horizontal-gallery-img' width=\"1030\" height=\"685\" src=\"https:\/\/www.mittelschule-perg.at\/stadtzentrum\/wp-content\/uploads\/2024\/10\/DSC05852-1030x685.jpg\" title='SONY DSC' alt='' srcset=\"https:\/\/www.mittelschule-perg.at\/stadtzentrum\/wp-content\/uploads\/2024\/10\/DSC05852-1030x685.jpg 1030w, https:\/\/www.mittelschule-perg.at\/stadtzentrum\/wp-content\/uploads\/2024\/10\/DSC05852-300x200.jpg 300w, https:\/\/www.mittelschule-perg.at\/stadtzentrum\/wp-content\/uploads\/2024\/10\/DSC05852-768x511.jpg 768w, https:\/\/www.mittelschule-perg.at\/stadtzentrum\/wp-content\/uploads\/2024\/10\/DSC05852-1536x1022.jpg 1536w, https:\/\/www.mittelschule-perg.at\/stadtzentrum\/wp-content\/uploads\/2024\/10\/DSC05852-2048x1363.jpg 2048w, https:\/\/www.mittelschule-perg.at\/stadtzentrum\/wp-content\/uploads\/2024\/10\/DSC05852-1500x998.jpg 1500w, https:\/\/www.mittelschule-perg.at\/stadtzentrum\/wp-content\/uploads\/2024\/10\/DSC05852-705x469.jpg 705w\" sizes=\"(max-width: 1030px) 100vw, 1030px\" \/><a href=\"https:\/\/www.mittelschule-perg.at\/stadtzentrum\/wp-content\/uploads\/2024\/10\/DSC05852-1030x685.jpg\" data-srcset=\"https:\/\/www.mittelschule-perg.at\/stadtzentrum\/wp-content\/uploads\/2024\/10\/DSC05852-1030x685.jpg 1030w, https:\/\/www.mittelschule-perg.at\/stadtzentrum\/wp-content\/uploads\/2024\/10\/DSC05852-300x200.jpg 300w, https:\/\/www.mittelschule-perg.at\/stadtzentrum\/wp-content\/uploads\/2024\/10\/DSC05852-768x511.jpg 768w, https:\/\/www.mittelschule-perg.at\/stadtzentrum\/wp-content\/uploads\/2024\/10\/DSC05852-1536x1022.jpg 1536w, https:\/\/www.mittelschule-perg.at\/stadtzentrum\/wp-content\/uploads\/2024\/10\/DSC05852-2048x1363.jpg 2048w, https:\/\/www.mittelschule-perg.at\/stadtzentrum\/wp-content\/uploads\/2024\/10\/DSC05852-1500x998.jpg 1500w, https:\/\/www.mittelschule-perg.at\/stadtzentrum\/wp-content\/uploads\/2024\/10\/DSC05852-705x469.jpg 705w\" data-sizes=\"(max-width: 1030px) 100vw, 1030px\" class='av-horizontal-gallery-link avia-svg-icon avia-font-svg_entypo-fontello' data-av_svg_icon='resize-full' data-av_iconset='svg_entypo-fontello' title='SONY DSC' alt='' aria-label='Open image in lightbox: SONY DSC'><svg version=\"1.1\" xmlns=\"http:\/\/www.w3.org\/2000\/svg\" width=\"25\" height=\"32\" viewBox=\"0 0 25 32\" preserveAspectRatio=\"xMidYMid meet\" aria-labelledby='av-svg-title-6' aria-describedby='av-svg-desc-6' role=\"graphics-symbol\" aria-hidden=\"true\">\n<title id='av-svg-title-6'>Open image in lightbox: SONY DSC<\/title>\n<desc id='av-svg-desc-6'>Open image in lightbox: SONY DSC<\/desc>\n<path d=\"M15.232 3.328h10.112v10.112l-3.2-3.968-4.672 4.864-3.2-3.2 4.864-4.672zM7.872 17.536l3.2 3.2-4.864 4.672 3.904 3.2h-10.112v-10.112l3.2 3.904z\"><\/path>\n<\/svg><\/a><\/div><div class=\"av-horizontal-gallery-wrap noHover\"><img decoding=\"async\" fetchpriority=\"high\" class='wp-image-7098 avia-img-lazy-loading-not-7098 av-horizontal-gallery-img' width=\"1030\" height=\"685\" src=\"https:\/\/www.mittelschule-perg.at\/stadtzentrum\/wp-content\/uploads\/2024\/10\/DSC05866-1030x685.jpg\" title='SONY DSC' alt='' srcset=\"https:\/\/www.mittelschule-perg.at\/stadtzentrum\/wp-content\/uploads\/2024\/10\/DSC05866-1030x685.jpg 1030w, https:\/\/www.mittelschule-perg.at\/stadtzentrum\/wp-content\/uploads\/2024\/10\/DSC05866-300x200.jpg 300w, https:\/\/www.mittelschule-perg.at\/stadtzentrum\/wp-content\/uploads\/2024\/10\/DSC05866-768x511.jpg 768w, https:\/\/www.mittelschule-perg.at\/stadtzentrum\/wp-content\/uploads\/2024\/10\/DSC05866-1536x1022.jpg 1536w, https:\/\/www.mittelschule-perg.at\/stadtzentrum\/wp-content\/uploads\/2024\/10\/DSC05866-2048x1363.jpg 2048w, https:\/\/www.mittelschule-perg.at\/stadtzentrum\/wp-content\/uploads\/2024\/10\/DSC05866-1500x998.jpg 1500w, https:\/\/www.mittelschule-perg.at\/stadtzentrum\/wp-content\/uploads\/2024\/10\/DSC05866-705x469.jpg 705w\" sizes=\"(max-width: 1030px) 100vw, 1030px\" \/><a href=\"https:\/\/www.mittelschule-perg.at\/stadtzentrum\/wp-content\/uploads\/2024\/10\/DSC05866-1030x685.jpg\" data-srcset=\"https:\/\/www.mittelschule-perg.at\/stadtzentrum\/wp-content\/uploads\/2024\/10\/DSC05866-1030x685.jpg 1030w, https:\/\/www.mittelschule-perg.at\/stadtzentrum\/wp-content\/uploads\/2024\/10\/DSC05866-300x200.jpg 300w, https:\/\/www.mittelschule-perg.at\/stadtzentrum\/wp-content\/uploads\/2024\/10\/DSC05866-768x511.jpg 768w, https:\/\/www.mittelschule-perg.at\/stadtzentrum\/wp-content\/uploads\/2024\/10\/DSC05866-1536x1022.jpg 1536w, https:\/\/www.mittelschule-perg.at\/stadtzentrum\/wp-content\/uploads\/2024\/10\/DSC05866-2048x1363.jpg 2048w, https:\/\/www.mittelschule-perg.at\/stadtzentrum\/wp-content\/uploads\/2024\/10\/DSC05866-1500x998.jpg 1500w, https:\/\/www.mittelschule-perg.at\/stadtzentrum\/wp-content\/uploads\/2024\/10\/DSC05866-705x469.jpg 705w\" data-sizes=\"(max-width: 1030px) 100vw, 1030px\" class='av-horizontal-gallery-link avia-svg-icon avia-font-svg_entypo-fontello' data-av_svg_icon='resize-full' data-av_iconset='svg_entypo-fontello' title='SONY DSC' alt='' aria-label='Open image in lightbox: SONY DSC'><svg version=\"1.1\" xmlns=\"http:\/\/www.w3.org\/2000\/svg\" width=\"25\" height=\"32\" viewBox=\"0 0 25 32\" preserveAspectRatio=\"xMidYMid meet\" aria-labelledby='av-svg-title-7' aria-describedby='av-svg-desc-7' role=\"graphics-symbol\" aria-hidden=\"true\">\n<title id='av-svg-title-7'>Open image in lightbox: SONY DSC<\/title>\n<desc id='av-svg-desc-7'>Open image in lightbox: SONY DSC<\/desc>\n<path d=\"M15.232 3.328h10.112v10.112l-3.2-3.968-4.672 4.864-3.2-3.2 4.864-4.672zM7.872 17.536l3.2 3.2-4.864 4.672 3.904 3.2h-10.112v-10.112l3.2 3.904z\"><\/path>\n<\/svg><\/a><\/div><div class=\"av-horizontal-gallery-wrap noHover\"><img decoding=\"async\" fetchpriority=\"high\" class='wp-image-7100 avia-img-lazy-loading-not-7100 av-horizontal-gallery-img' width=\"1030\" height=\"686\" src=\"https:\/\/www.mittelschule-perg.at\/stadtzentrum\/wp-content\/uploads\/2024\/10\/JPI_3030-1030x686.jpg\" title='JPI_3030' alt='' srcset=\"https:\/\/www.mittelschule-perg.at\/stadtzentrum\/wp-content\/uploads\/2024\/10\/JPI_3030-1030x686.jpg 1030w, https:\/\/www.mittelschule-perg.at\/stadtzentrum\/wp-content\/uploads\/2024\/10\/JPI_3030-300x200.jpg 300w, https:\/\/www.mittelschule-perg.at\/stadtzentrum\/wp-content\/uploads\/2024\/10\/JPI_3030-768x511.jpg 768w, https:\/\/www.mittelschule-perg.at\/stadtzentrum\/wp-content\/uploads\/2024\/10\/JPI_3030-1536x1022.jpg 1536w, https:\/\/www.mittelschule-perg.at\/stadtzentrum\/wp-content\/uploads\/2024\/10\/JPI_3030-1500x998.jpg 1500w, https:\/\/www.mittelschule-perg.at\/stadtzentrum\/wp-content\/uploads\/2024\/10\/JPI_3030-705x469.jpg 705w, https:\/\/www.mittelschule-perg.at\/stadtzentrum\/wp-content\/uploads\/2024\/10\/JPI_3030.jpg 1600w\" sizes=\"(max-width: 1030px) 100vw, 1030px\" \/><a href=\"https:\/\/www.mittelschule-perg.at\/stadtzentrum\/wp-content\/uploads\/2024\/10\/JPI_3030-1030x686.jpg\" data-srcset=\"https:\/\/www.mittelschule-perg.at\/stadtzentrum\/wp-content\/uploads\/2024\/10\/JPI_3030-1030x686.jpg 1030w, https:\/\/www.mittelschule-perg.at\/stadtzentrum\/wp-content\/uploads\/2024\/10\/JPI_3030-300x200.jpg 300w, https:\/\/www.mittelschule-perg.at\/stadtzentrum\/wp-content\/uploads\/2024\/10\/JPI_3030-768x511.jpg 768w, https:\/\/www.mittelschule-perg.at\/stadtzentrum\/wp-content\/uploads\/2024\/10\/JPI_3030-1536x1022.jpg 1536w, https:\/\/www.mittelschule-perg.at\/stadtzentrum\/wp-content\/uploads\/2024\/10\/JPI_3030-1500x998.jpg 1500w, https:\/\/www.mittelschule-perg.at\/stadtzentrum\/wp-content\/uploads\/2024\/10\/JPI_3030-705x469.jpg 705w, https:\/\/www.mittelschule-perg.at\/stadtzentrum\/wp-content\/uploads\/2024\/10\/JPI_3030.jpg 1600w\" data-sizes=\"(max-width: 1030px) 100vw, 1030px\" class='av-horizontal-gallery-link avia-svg-icon avia-font-svg_entypo-fontello' data-av_svg_icon='resize-full' data-av_iconset='svg_entypo-fontello' title='JPI_3030' alt='' aria-label='Open image in lightbox: JPI_3030'><svg version=\"1.1\" xmlns=\"http:\/\/www.w3.org\/2000\/svg\" width=\"25\" height=\"32\" viewBox=\"0 0 25 32\" preserveAspectRatio=\"xMidYMid meet\" aria-labelledby='av-svg-title-8' aria-describedby='av-svg-desc-8' role=\"graphics-symbol\" aria-hidden=\"true\">\n<title id='av-svg-title-8'>Open image in lightbox: JPI_3030<\/title>\n<desc id='av-svg-desc-8'>Open image in lightbox: JPI_3030<\/desc>\n<path d=\"M15.232 3.328h10.112v10.112l-3.2-3.968-4.672 4.864-3.2-3.2 4.864-4.672zM7.872 17.536l3.2 3.2-4.864 4.672 3.904 3.2h-10.112v-10.112l3.2 3.904z\"><\/path>\n<\/svg><\/a><\/div><div class=\"av-horizontal-gallery-wrap noHover\"><img decoding=\"async\" fetchpriority=\"high\" class='wp-image-7101 avia-img-lazy-loading-not-7101 av-horizontal-gallery-img' width=\"1030\" height=\"686\" src=\"https:\/\/www.mittelschule-perg.at\/stadtzentrum\/wp-content\/uploads\/2024\/10\/MS-Perg-Stadtzentrum-1030x686.jpg\" title='MS-Perg-Stadtzentrum' alt='' srcset=\"https:\/\/www.mittelschule-perg.at\/stadtzentrum\/wp-content\/uploads\/2024\/10\/MS-Perg-Stadtzentrum-1030x686.jpg 1030w, https:\/\/www.mittelschule-perg.at\/stadtzentrum\/wp-content\/uploads\/2024\/10\/MS-Perg-Stadtzentrum-300x200.jpg 300w, https:\/\/www.mittelschule-perg.at\/stadtzentrum\/wp-content\/uploads\/2024\/10\/MS-Perg-Stadtzentrum-768x511.jpg 768w, https:\/\/www.mittelschule-perg.at\/stadtzentrum\/wp-content\/uploads\/2024\/10\/MS-Perg-Stadtzentrum-1536x1022.jpg 1536w, https:\/\/www.mittelschule-perg.at\/stadtzentrum\/wp-content\/uploads\/2024\/10\/MS-Perg-Stadtzentrum-1500x998.jpg 1500w, https:\/\/www.mittelschule-perg.at\/stadtzentrum\/wp-content\/uploads\/2024\/10\/MS-Perg-Stadtzentrum-705x469.jpg 705w, https:\/\/www.mittelschule-perg.at\/stadtzentrum\/wp-content\/uploads\/2024\/10\/MS-Perg-Stadtzentrum.jpg 1600w\" sizes=\"(max-width: 1030px) 100vw, 1030px\" \/><a href=\"https:\/\/www.mittelschule-perg.at\/stadtzentrum\/wp-content\/uploads\/2024\/10\/MS-Perg-Stadtzentrum-1030x686.jpg\" data-srcset=\"https:\/\/www.mittelschule-perg.at\/stadtzentrum\/wp-content\/uploads\/2024\/10\/MS-Perg-Stadtzentrum-1030x686.jpg 1030w, https:\/\/www.mittelschule-perg.at\/stadtzentrum\/wp-content\/uploads\/2024\/10\/MS-Perg-Stadtzentrum-300x200.jpg 300w, https:\/\/www.mittelschule-perg.at\/stadtzentrum\/wp-content\/uploads\/2024\/10\/MS-Perg-Stadtzentrum-768x511.jpg 768w, https:\/\/www.mittelschule-perg.at\/stadtzentrum\/wp-content\/uploads\/2024\/10\/MS-Perg-Stadtzentrum-1536x1022.jpg 1536w, https:\/\/www.mittelschule-perg.at\/stadtzentrum\/wp-content\/uploads\/2024\/10\/MS-Perg-Stadtzentrum-1500x998.jpg 1500w, https:\/\/www.mittelschule-perg.at\/stadtzentrum\/wp-content\/uploads\/2024\/10\/MS-Perg-Stadtzentrum-705x469.jpg 705w, https:\/\/www.mittelschule-perg.at\/stadtzentrum\/wp-content\/uploads\/2024\/10\/MS-Perg-Stadtzentrum.jpg 1600w\" data-sizes=\"(max-width: 1030px) 100vw, 1030px\" class='av-horizontal-gallery-link avia-svg-icon avia-font-svg_entypo-fontello' data-av_svg_icon='resize-full' data-av_iconset='svg_entypo-fontello' title='MS-Perg-Stadtzentrum' alt='' aria-label='Open image in lightbox: MS-Perg-Stadtzentrum'><svg version=\"1.1\" xmlns=\"http:\/\/www.w3.org\/2000\/svg\" width=\"25\" height=\"32\" viewBox=\"0 0 25 32\" preserveAspectRatio=\"xMidYMid meet\" aria-labelledby='av-svg-title-9' aria-describedby='av-svg-desc-9' role=\"graphics-symbol\" aria-hidden=\"true\">\n<title id='av-svg-title-9'>Open image in lightbox: MS-Perg-Stadtzentrum<\/title>\n<desc id='av-svg-desc-9'>Open image in lightbox: MS-Perg-Stadtzentrum<\/desc>\n<path d=\"M15.232 3.328h10.112v10.112l-3.2-3.968-4.672 4.864-3.2-3.2 4.864-4.672zM7.872 17.536l3.2 3.2-4.864 4.672 3.904 3.2h-10.112v-10.112l3.2 3.904z\"><\/path>\n<\/svg><\/a><\/div><\/div><\/div><\/div>\n","protected":false},"excerpt":{"rendered":"","protected":false},"author":2,"featured_media":0,"parent":0,"menu_order":0,"comment_status":"closed","ping_status":"closed","template":"","meta":{"footnotes":""},"class_list":["post-7031","page","type-page","status-publish","hentry"],"_links":{"self":[{"href":"https:\/\/www.mittelschule-perg.at\/stadtzentrum\/wp-json\/wp\/v2\/pages\/7031","targetHints":{"allow":["GET"]}}],"collection":[{"href":"https:\/\/www.mittelschule-perg.at\/stadtzentrum\/wp-json\/wp\/v2\/pages"}],"about":[{"href":"https:\/\/www.mittelschule-perg.at\/stadtzentrum\/wp-json\/wp\/v2\/types\/page"}],"author":[{"embeddable":true,"href":"https:\/\/www.mittelschule-perg.at\/stadtzentrum\/wp-json\/wp\/v2\/users\/2"}],"replies":[{"embeddable":true,"href":"https:\/\/www.mittelschule-perg.at\/stadtzentrum\/wp-json\/wp\/v2\/comments?post=7031"}],"version-history":[{"count":3,"href":"https:\/\/www.mittelschule-perg.at\/stadtzentrum\/wp-json\/wp\/v2\/pages\/7031\/revisions"}],"predecessor-version":[{"id":7095,"href":"https:\/\/www.mittelschule-perg.at\/stadtzentrum\/wp-json\/wp\/v2\/pages\/7031\/revisions\/7095"}],"wp:attachment":[{"href":"https:\/\/www.mittelschule-perg.at\/stadtzentrum\/wp-json\/wp\/v2\/media?parent=7031"}],"curies":[{"name":"wp","href":"https:\/\/api.w.org\/{rel}","templated":true}]}}