{"id":7047,"date":"2024-10-21T13:37:31","date_gmt":"2024-10-21T11:37:31","guid":{"rendered":"https:\/\/www.mittelschule-perg.at\/stadtzentrum\/?page_id=7047"},"modified":"2025-03-25T10:32:23","modified_gmt":"2025-03-25T09:32:23","slug":"lego-robotic","status":"publish","type":"page","link":"https:\/\/www.mittelschule-perg.at\/stadtzentrum\/lego-robotic\/","title":{"rendered":"Lego Robotic"},"content":{"rendered":"<section  class='av_textblock_section av-m8oavqur-88f903acde51f71eb11e945acd08facf '   itemscope=\"itemscope\" itemtype=\"https:\/\/schema.org\/CreativeWork\" ><div class='avia_textblock'  itemprop=\"text\" ><p>In der unverbindlichen \u00dcbung LEGO Robotics tauchen die Sch\u00fcler*innen in die Welt der Robotik und Programmierung ein. Sie bauen und programmieren LEGO-Roboter, lernen kreative Probleml\u00f6sungen und arbeiten an spannenden Herausforderungen. Dabei werden technisches Verst\u00e4ndnis, logisches Denken und Teamarbeit gef\u00f6rdert.<\/p>\n<\/div><\/section>\n","protected":false},"excerpt":{"rendered":"","protected":false},"author":2,"featured_media":0,"parent":0,"menu_order":0,"comment_status":"closed","ping_status":"closed","template":"","meta":{"footnotes":""},"class_list":["post-7047","page","type-page","status-publish","hentry"],"_links":{"self":[{"href":"https:\/\/www.mittelschule-perg.at\/stadtzentrum\/wp-json\/wp\/v2\/pages\/7047","targetHints":{"allow":["GET"]}}],"collection":[{"href":"https:\/\/www.mittelschule-perg.at\/stadtzentrum\/wp-json\/wp\/v2\/pages"}],"about":[{"href":"https:\/\/www.mittelschule-perg.at\/stadtzentrum\/wp-json\/wp\/v2\/types\/page"}],"author":[{"embeddable":true,"href":"https:\/\/www.mittelschule-perg.at\/stadtzentrum\/wp-json\/wp\/v2\/users\/2"}],"replies":[{"embeddable":true,"href":"https:\/\/www.mittelschule-perg.at\/stadtzentrum\/wp-json\/wp\/v2\/comments?post=7047"}],"version-history":[{"count":3,"href":"https:\/\/www.mittelschule-perg.at\/stadtzentrum\/wp-json\/wp\/v2\/pages\/7047\/revisions"}],"predecessor-version":[{"id":7370,"href":"https:\/\/www.mittelschule-perg.at\/stadtzentrum\/wp-json\/wp\/v2\/pages\/7047\/revisions\/7370"}],"wp:attachment":[{"href":"https:\/\/www.mittelschule-perg.at\/stadtzentrum\/wp-json\/wp\/v2\/media?parent=7047"}],"curies":[{"name":"wp","href":"https:\/\/api.w.org\/{rel}","templated":true}]}}