{"id":7067,"date":"2024-10-21T13:47:08","date_gmt":"2024-10-21T11:47:08","guid":{"rendered":"https:\/\/www.mittelschule-perg.at\/stadtzentrum\/?page_id=7067"},"modified":"2024-10-23T08:25:50","modified_gmt":"2024-10-23T06:25:50","slug":"spanisch","status":"publish","type":"page","link":"https:\/\/www.mittelschule-perg.at\/stadtzentrum\/spanisch\/","title":{"rendered":"Spanisch"},"content":{"rendered":"<section  class='av_textblock_section av-m2lhqnwi-365a16433a7c665393f0585ee5644a56 '   itemscope=\"itemscope\" itemtype=\"https:\/\/schema.org\/CreativeWork\" ><div class='avia_textblock'  itemprop=\"text\" ><p>Der Spanischunterricht an der MS Perg Stadtzentrum findet einmal pro Woche statt und konzentriert sich auf die Vermittlung grundlegender Sprachkenntnisse. Durch den Einsatz verschiedener methodischer Ans\u00e4tze wie Spiele, Lieder und interaktive \u00dcbungen wird der Unterricht spielerisch gestaltet. Ziel ist es, die Sch\u00fclerinnen und Sch\u00fcler auf kreative Weise an die spanische Sprache heranzuf\u00fchren und ihnen ein erstes Verst\u00e4ndnis f\u00fcr allt\u00e4gliche Ausdr\u00fccke und einfache Kommunikation zu vermitteln.<\/p>\n<\/div><\/section>\n\n<style type=\"text\/css\" data-created_by=\"avia_inline_auto\" id=\"style-css-av-m2lhtegv-21eff950b0e51fec2f6653a672ce6b9d\">\n.avia-image-container.av-m2lhtegv-21eff950b0e51fec2f6653a672ce6b9d img.avia_image{\nbox-shadow:none;\n}\n.avia-image-container.av-m2lhtegv-21eff950b0e51fec2f6653a672ce6b9d .av-image-caption-overlay-center{\ncolor:#ffffff;\n}\n<\/style>\n<div  class='avia-image-container av-m2lhtegv-21eff950b0e51fec2f6653a672ce6b9d av-styling- avia-align-center  avia-builder-el-1  el_after_av_textblock  avia-builder-el-last '   itemprop=\"image\" itemscope=\"itemscope\" itemtype=\"https:\/\/schema.org\/ImageObject\" ><div class=\"avia-image-container-inner\"><div class=\"avia-image-overlay-wrap\"><img decoding=\"async\" fetchpriority=\"high\" class='wp-image-7105 avia-img-lazy-loading-not-7105 avia_image ' src=\"https:\/\/www.mittelschule-perg.at\/stadtzentrum\/wp-content\/uploads\/2024\/10\/Spanisch-300x225.jpg\" alt='' title='Spanisch'  height=\"225\" width=\"300\"  itemprop=\"thumbnailUrl\" srcset=\"https:\/\/www.mittelschule-perg.at\/stadtzentrum\/wp-content\/uploads\/2024\/10\/Spanisch-300x225.jpg 300w, https:\/\/www.mittelschule-perg.at\/stadtzentrum\/wp-content\/uploads\/2024\/10\/Spanisch-1030x772.jpg 1030w, https:\/\/www.mittelschule-perg.at\/stadtzentrum\/wp-content\/uploads\/2024\/10\/Spanisch-768x576.jpg 768w, https:\/\/www.mittelschule-perg.at\/stadtzentrum\/wp-content\/uploads\/2024\/10\/Spanisch-1536x1152.jpg 1536w, https:\/\/www.mittelschule-perg.at\/stadtzentrum\/wp-content\/uploads\/2024\/10\/Spanisch-2048x1536.jpg 2048w, https:\/\/www.mittelschule-perg.at\/stadtzentrum\/wp-content\/uploads\/2024\/10\/Spanisch-1500x1125.jpg 1500w, https:\/\/www.mittelschule-perg.at\/stadtzentrum\/wp-content\/uploads\/2024\/10\/Spanisch-705x529.jpg 705w\" sizes=\"(max-width: 300px) 100vw, 300px\" \/><\/div><\/div><\/div>\n","protected":false},"excerpt":{"rendered":"","protected":false},"author":2,"featured_media":0,"parent":0,"menu_order":0,"comment_status":"closed","ping_status":"closed","template":"","meta":{"footnotes":""},"class_list":["post-7067","page","type-page","status-publish","hentry"],"_links":{"self":[{"href":"https:\/\/www.mittelschule-perg.at\/stadtzentrum\/wp-json\/wp\/v2\/pages\/7067","targetHints":{"allow":["GET"]}}],"collection":[{"href":"https:\/\/www.mittelschule-perg.at\/stadtzentrum\/wp-json\/wp\/v2\/pages"}],"about":[{"href":"https:\/\/www.mittelschule-perg.at\/stadtzentrum\/wp-json\/wp\/v2\/types\/page"}],"author":[{"embeddable":true,"href":"https:\/\/www.mittelschule-perg.at\/stadtzentrum\/wp-json\/wp\/v2\/users\/2"}],"replies":[{"embeddable":true,"href":"https:\/\/www.mittelschule-perg.at\/stadtzentrum\/wp-json\/wp\/v2\/comments?post=7067"}],"version-history":[{"count":4,"href":"https:\/\/www.mittelschule-perg.at\/stadtzentrum\/wp-json\/wp\/v2\/pages\/7067\/revisions"}],"predecessor-version":[{"id":7103,"href":"https:\/\/www.mittelschule-perg.at\/stadtzentrum\/wp-json\/wp\/v2\/pages\/7067\/revisions\/7103"}],"wp:attachment":[{"href":"https:\/\/www.mittelschule-perg.at\/stadtzentrum\/wp-json\/wp\/v2\/media?parent=7067"}],"curies":[{"name":"wp","href":"https:\/\/api.w.org\/{rel}","templated":true}]}}