{"id":7150,"date":"2024-11-18T15:11:59","date_gmt":"2024-11-18T14:11:59","guid":{"rendered":"https:\/\/www.mittelschule-perg.at\/stadtzentrum\/?page_id=7150"},"modified":"2025-06-23T11:16:33","modified_gmt":"2025-06-23T09:16:33","slug":"partnerbetriebe","status":"publish","type":"page","link":"https:\/\/www.mittelschule-perg.at\/stadtzentrum\/partnerbetriebe\/","title":{"rendered":"Partnerbetriebe"},"content":{"rendered":"<section  class='av_textblock_section av-bv3vy-e83cef71dffe3fac4b81bd24203833a6 '   itemscope=\"itemscope\" itemtype=\"https:\/\/schema.org\/CreativeWork\" ><div class='avia_textblock'  itemprop=\"text\" ><p>Wir freuen uns, dass wir im Rahmen der Berufsorientierung von heimischen Betrieben unterst\u00fctzt werden.<\/p>\n<p>Im Rahmen einer Exkursion durften unsere Sch\u00fcler*innen in die Arbeitswelt der Firma Kr\u00fcckl hineinschauen. Danke f\u00fcr die freundliche Aufnahme. Wir freuen uns auf eine weitere Zusammenarbeit.<\/p>\n<\/div><\/section>\n\n<style type=\"text\/css\" data-created_by=\"avia_inline_auto\" id=\"style-css-av-m6rob07p-f251829d5d6f92953371ba3ec237ff82\">\n.avia-image-container.av-m6rob07p-f251829d5d6f92953371ba3ec237ff82 img.avia_image{\nbox-shadow:none;\n}\n.avia-image-container.av-m6rob07p-f251829d5d6f92953371ba3ec237ff82 .av-image-caption-overlay-center{\ncolor:#ffffff;\n}\n<\/style>\n<div  class='avia-image-container av-m6rob07p-f251829d5d6f92953371ba3ec237ff82 av-styling- avia-align-left  avia-builder-el-1  el_after_av_textblock  el_before_av_hr '   itemprop=\"image\" itemscope=\"itemscope\" itemtype=\"https:\/\/schema.org\/ImageObject\" ><div class=\"avia-image-container-inner\"><div class=\"avia-image-overlay-wrap\"><img decoding=\"async\" fetchpriority=\"high\" class='wp-image-7258 avia-img-lazy-loading-not-7258 avia_image ' src=\"https:\/\/www.mittelschule-perg.at\/stadtzentrum\/wp-content\/uploads\/2025\/02\/Krueckl-300x121.png\" alt='' title='Kr\u00fcckl'  height=\"121\" width=\"300\"  itemprop=\"thumbnailUrl\" srcset=\"https:\/\/www.mittelschule-perg.at\/stadtzentrum\/wp-content\/uploads\/2025\/02\/Krueckl-300x121.png 300w, https:\/\/www.mittelschule-perg.at\/stadtzentrum\/wp-content\/uploads\/2025\/02\/Krueckl-1030x417.png 1030w, https:\/\/www.mittelschule-perg.at\/stadtzentrum\/wp-content\/uploads\/2025\/02\/Krueckl-768x311.png 768w, https:\/\/www.mittelschule-perg.at\/stadtzentrum\/wp-content\/uploads\/2025\/02\/Krueckl-1536x621.png 1536w, https:\/\/www.mittelschule-perg.at\/stadtzentrum\/wp-content\/uploads\/2025\/02\/Krueckl-2048x828.png 2048w, https:\/\/www.mittelschule-perg.at\/stadtzentrum\/wp-content\/uploads\/2025\/02\/Krueckl-1500x607.png 1500w, https:\/\/www.mittelschule-perg.at\/stadtzentrum\/wp-content\/uploads\/2025\/02\/Krueckl-705x285.png 705w\" sizes=\"(max-width: 300px) 100vw, 300px\" \/><\/div><\/div><\/div>\n<div  class='hr av-av_hr-bca31578670ae9d408d6d6d291fc57a6 hr-default  avia-builder-el-2  el_after_av_image  el_before_av_textblock '><span class='hr-inner '><span class=\"hr-inner-style\"><\/span><\/span><\/div>\n<section  class='av_textblock_section av-mc8vqcwj-8299bdd0aefba585f3b7066d71f7abae '   itemscope=\"itemscope\" itemtype=\"https:\/\/schema.org\/CreativeWork\" ><div class='avia_textblock'  itemprop=\"text\" ><p><em><strong>OOZU Karriere HUB<\/strong><\/em><\/p>\n<p>Mit Hilfe des OOZU Karriere HUB haben unsere Sch\u00fcler*innen die M\u00f6glichkeit, sich \u00fcber die Schulen und Betriebe in der Region zu erkundigen. Dazu befindet sich im 1. OG ein Display. Hier k\u00f6nnen sich Sch\u00fcler*innen \u00fcber die jeweiligen Partnerbetriebe bzw. Partnerschulen erkundigen. Ganz einfach ist dies auch \u00fcber die beiden unten stehenden Links zu machen.<\/p>\n<p><strong>Schulen:<\/strong><\/p>\n<p><a href=\"https:\/\/www.oozu.at\/schule\/ms-perg\/hoehere-schulen\">oozu | Portal<\/a><\/p>\n<p><strong>Betriebe:<\/strong><\/p>\n<p><a href=\"https:\/\/www.oozu.at\/schule\/ms-perg\/unternehmen\">oozu | Portal<\/a><\/p>\n<\/div><\/section>\n","protected":false},"excerpt":{"rendered":"","protected":false},"author":2,"featured_media":0,"parent":0,"menu_order":0,"comment_status":"closed","ping_status":"closed","template":"","meta":{"footnotes":""},"class_list":["post-7150","page","type-page","status-publish","hentry"],"_links":{"self":[{"href":"https:\/\/www.mittelschule-perg.at\/stadtzentrum\/wp-json\/wp\/v2\/pages\/7150","targetHints":{"allow":["GET"]}}],"collection":[{"href":"https:\/\/www.mittelschule-perg.at\/stadtzentrum\/wp-json\/wp\/v2\/pages"}],"about":[{"href":"https:\/\/www.mittelschule-perg.at\/stadtzentrum\/wp-json\/wp\/v2\/types\/page"}],"author":[{"embeddable":true,"href":"https:\/\/www.mittelschule-perg.at\/stadtzentrum\/wp-json\/wp\/v2\/users\/2"}],"replies":[{"embeddable":true,"href":"https:\/\/www.mittelschule-perg.at\/stadtzentrum\/wp-json\/wp\/v2\/comments?post=7150"}],"version-history":[{"count":9,"href":"https:\/\/www.mittelschule-perg.at\/stadtzentrum\/wp-json\/wp\/v2\/pages\/7150\/revisions"}],"predecessor-version":[{"id":7529,"href":"https:\/\/www.mittelschule-perg.at\/stadtzentrum\/wp-json\/wp\/v2\/pages\/7150\/revisions\/7529"}],"wp:attachment":[{"href":"https:\/\/www.mittelschule-perg.at\/stadtzentrum\/wp-json\/wp\/v2\/media?parent=7150"}],"curies":[{"name":"wp","href":"https:\/\/api.w.org\/{rel}","templated":true}]}}