{"id":7534,"date":"2025-06-25T18:51:47","date_gmt":"2025-06-25T16:51:47","guid":{"rendered":"https:\/\/www.mittelschule-perg.at\/stadtzentrum\/?page_id=7534"},"modified":"2025-06-28T18:51:56","modified_gmt":"2025-06-28T16:51:56","slug":"barrierefreiheitserklaerung","status":"publish","type":"page","link":"https:\/\/www.mittelschule-perg.at\/stadtzentrum\/barrierefreiheitserklaerung\/","title":{"rendered":"Barrierefreiheitserkl\u00e4rung"},"content":{"rendered":"<div  class='flex_column av-av_one_full-a2cef933b0a555f25d1e39b22a8e9dae av_one_full  avia-builder-el-0  avia-builder-el-no-sibling  first flex_column_div  '     ><section  class='av_textblock_section av-mcghalc6-57fc622f634422a8eaa636ed133a9e27 '   itemscope=\"itemscope\" itemtype=\"https:\/\/schema.org\/CreativeWork\" ><div class='avia_textblock'  itemprop=\"text\" ><h3>Barrierefreiheitserkl\u00e4rung<\/h3>\n<p>Diese Erkl\u00e4rung zur Barrierefreiheit gilt f\u00fcr die Website www.mittelschule-perg.at\/stadtzentrum<\/p>\n<h3>1. Stand der Vereinbarkeit mit den Anforderungen<\/h3>\n<p>Diese Website ist teilweise barrierefrei. Sie entspricht teilweise den Anforderungen der \u00d6NORM EN 301 549 bzw. den Web Content Accessibility Guidelines (WCAG) 2.1 \u2013 Konformit\u00e4tsstufe AA.<\/p>\n<h3>2. Methode der Pr\u00fcfung<\/h3>\n<p>Die \u00dcberpr\u00fcfung der Barrierefreiheit erfolgte im Juni 2025 durch:<\/p>\n<p>\u2013 eine Selbstbewertung mit dem Tool [WAVE]<\/p>\n<h3>3. Nicht barrierefreie Inhalte<\/h3>\n<p>Die nachfolgenden Inhalte und Funktionen sind derzeit nicht vollst\u00e4ndig barrierefrei:<\/p>\n<p>\u2013 eingebundene Drittinhalte (z.\u202fB. Karten, Videos, Social-Media-Elemente, etc.),<\/p>\n<p>\u2013 \u00c4ltere PDF-Dokumente vor dem 28.06.2025<\/p>\n<p>\u2013 Einzelne Bilder ohne Alternativtexte, Slider, etc.<\/p>\n<p>\u2013 Eingeschr\u00e4nkte Tastaturbedienung bei interaktiven Karten<\/p>\n<p>Diese Inhalte sind teilweise von der Verpflichtung zur Barrierefreiheit ausgenommen, da ihre Umsetzung eine unverh\u00e4ltnism\u00e4\u00dfige Belastung darstellen w\u00fcrde (\u00a7 15 BaFG).<\/p>\n<h3>4. Feedback und Kontaktangaben<\/h3>\n<p>Wir bem\u00fchen uns laufend, die Barrierefreiheit unserer Website zu verbessern. Sollten Ihnen Barrieren auffallen oder Inhalte unzug\u00e4nglich sein, kontaktieren Sie uns bitte:<\/p>\n<p>E-Mail: s411052@schule-ooe.at<\/p>\n<p>Telefon: 07262\/52589<\/p>\n<p>Postadresse: Linzerstra\u00dfe 18, 4320 Perg<\/p>\n<h3>5. Durchsetzungsverfahren<\/h3>\n<p>Wenn Sie innerhalb von 2 Monaten keine zufriedenstellende Antwort auf Ihre Anfrage erhalten, k\u00f6nnen Sie sich an die Schlichtungsstelle nach dem Bundes-Behindertengleichstellungsgesetz wenden:<\/p>\n<p>Bundes-Behindertenanwaltschaft<\/p>\n<p>www.behindertenanwalt.gv.at<\/p>\n<p>E-Mail: office@behindertenanwalt.gv.at<\/p>\n<p>Telefon: +43 1 711 00-86 2222<\/p>\n<h3>6. Erstellung der Erkl\u00e4rung<\/h3>\n<p>Diese Erkl\u00e4rung wurde am 25.06.2025 erstellt und wird laufend nach M\u00f6glichkeit aktualisiert.<\/p>\n<\/div><\/section><\/div>\n","protected":false},"excerpt":{"rendered":"","protected":false},"author":1,"featured_media":0,"parent":0,"menu_order":0,"comment_status":"closed","ping_status":"closed","template":"","meta":{"footnotes":""},"class_list":["post-7534","page","type-page","status-publish","hentry"],"_links":{"self":[{"href":"https:\/\/www.mittelschule-perg.at\/stadtzentrum\/wp-json\/wp\/v2\/pages\/7534","targetHints":{"allow":["GET"]}}],"collection":[{"href":"https:\/\/www.mittelschule-perg.at\/stadtzentrum\/wp-json\/wp\/v2\/pages"}],"about":[{"href":"https:\/\/www.mittelschule-perg.at\/stadtzentrum\/wp-json\/wp\/v2\/types\/page"}],"author":[{"embeddable":true,"href":"https:\/\/www.mittelschule-perg.at\/stadtzentrum\/wp-json\/wp\/v2\/users\/1"}],"replies":[{"embeddable":true,"href":"https:\/\/www.mittelschule-perg.at\/stadtzentrum\/wp-json\/wp\/v2\/comments?post=7534"}],"version-history":[{"count":2,"href":"https:\/\/www.mittelschule-perg.at\/stadtzentrum\/wp-json\/wp\/v2\/pages\/7534\/revisions"}],"predecessor-version":[{"id":7538,"href":"https:\/\/www.mittelschule-perg.at\/stadtzentrum\/wp-json\/wp\/v2\/pages\/7534\/revisions\/7538"}],"wp:attachment":[{"href":"https:\/\/www.mittelschule-perg.at\/stadtzentrum\/wp-json\/wp\/v2\/media?parent=7534"}],"curies":[{"name":"wp","href":"https:\/\/api.w.org\/{rel}","templated":true}]}}