{"id":7547,"date":"2025-08-19T15:54:08","date_gmt":"2025-08-19T13:54:08","guid":{"rendered":"https:\/\/www.mittelschule-perg.at\/stadtzentrum\/?page_id=7547"},"modified":"2025-12-02T11:05:51","modified_gmt":"2025-12-02T10:05:51","slug":"abmeldung","status":"publish","type":"page","link":"https:\/\/www.mittelschule-perg.at\/stadtzentrum\/abmeldung\/","title":{"rendered":"Abmeldung"},"content":{"rendered":"<div  class='flex_column av-5fwuff-da73acb35c9f509d3c5fd6626efdbd5a av_one_full  avia-builder-el-0  avia-builder-el-no-sibling  first flex_column_div  '     ><p>\n<style type=\"text\/css\" data-created_by=\"avia_inline_auto\" id=\"style-css-av-meilpmvf-31be570206b15b3f5ef29605fe5b0a34\">\n#top .av-special-heading.av-meilpmvf-31be570206b15b3f5ef29605fe5b0a34{\npadding-bottom:10px;\n}\nbody .av-special-heading.av-meilpmvf-31be570206b15b3f5ef29605fe5b0a34 .av-special-heading-tag .heading-char{\nfont-size:25px;\n}\n.av-special-heading.av-meilpmvf-31be570206b15b3f5ef29605fe5b0a34 .av-subheading{\nfont-size:15px;\n}\n<\/style>\n<div  class='av-special-heading av-meilpmvf-31be570206b15b3f5ef29605fe5b0a34 av-special-heading-h3 blockquote modern-quote  avia-builder-el-1  el_before_av_textblock  avia-builder-el-first '><h3 class='av-special-heading-tag '  itemprop=\"headline\"  >Online-Abmeldung<\/h3><div class=\"special-heading-border\"><div class=\"special-heading-inner-border\"><\/div><\/div><\/div><br \/>\n<section  class='av_textblock_section av-meilpxiy-93f77c43a6d7683ebbf76fbd959e2668 '   itemscope=\"itemscope\" itemtype=\"https:\/\/schema.org\/CreativeWork\" ><div class='avia_textblock'  itemprop=\"text\" ><p>Wenn Ihr Kind aufgrund einer Krankheit bzw. eines Arzttermins oder anders gerechtfertigt nicht in die Schule kommen kann, bitten wir Sie, uns rechtzeitig eine Online-Krankmeldung am Vorabend oder sp\u00e4testens am 1. Krankheitstag bis 07:30 Uhr zu \u00fcbermitteln. Bitte f\u00fcllen Sie dazu das nachfolgende Formular aus.<\/p>\n<\/div><\/section><br \/>\n<form action=\"https:\/\/www.mittelschule-perg.at\/stadtzentrum\/abmeldung\/\" method=\"post\" data-fields-with-error=\"Fehler wurden in folgenden Feld(ern) gefunden:\" class=\"avia_ajax_form av-form-labels-visible   avia-builder-el-3  el_after_av_textblock  avia-builder-el-last   \" data-avia-form-id=\"1\" data-avia-redirect=''  aria-label='Kontaktformular' ><fieldset><p class='  first_form  form_element form_fullwidth' id='element_avia_1_1'><label for=\"avia_1_1\">Betreff <abbr class=\"required\" title=\"ben\u00f6tigt\">*<\/abbr><\/label> <input name=\"avia_1_1\" class=\"text_input is_empty\" type=\"text\" id=\"avia_1_1\" value=\"\" \/><\/p><p class='  first_form  form_element form_fullwidth' id='element_avia_2_1'><label for=\"avia_2_1\">E-Mail <abbr class=\"required\" title=\"ben\u00f6tigt\">*<\/abbr><\/label> <input name=\"avia_2_1\" class=\"text_input is_email\" type=\"text\" id=\"avia_2_1\" value=\"\" \/><\/p><p class='  first_form  form_element form_fullwidth' id='element_avia_3_1'><label for=\"avia_3_1\">Vorname des Kindes <abbr class=\"required\" title=\"ben\u00f6tigt\">*<\/abbr><\/label> <input name=\"avia_3_1\" class=\"text_input is_empty\" type=\"text\" id=\"avia_3_1\" value=\"\" \/><\/p><p class='  first_form  form_element form_fullwidth' id='element_avia_4_1'><label for=\"avia_4_1\">Nachname des Kindes <abbr class=\"required\" title=\"ben\u00f6tigt\">*<\/abbr><\/label> <input name=\"avia_4_1\" class=\"text_input is_empty\" type=\"text\" id=\"avia_4_1\" value=\"\" \/><\/p><p class='  first_form  form_element form_fullwidth' id='element_avia_5_1'><label for=\"avia_5_1\">Klasse <abbr class=\"required\" title=\"ben\u00f6tigt\">*<\/abbr><\/label> <input name=\"avia_5_1\" class=\"text_input is_empty\" type=\"text\" id=\"avia_5_1\" value=\"\" \/><\/p><p class='  first_form  form_element form_fullwidth' id='element_avia_6_1'><label for=\"avia_6_1\">Krank \/ Entschuldigt von <abbr class=\"required\" title=\"ben\u00f6tigt\">*<\/abbr><\/label> <input name=\"avia_6_1\" class=\"avia_datepicker text_input is_empty\" type=\"text\" id=\"avia_6_1\" value=\"\" placeholder=\"DD \/ MM \/ YY\" inputmode=\"none\" \/><\/p><p class='  first_form  form_element form_fullwidth' id='element_avia_7_1'><label for=\"avia_7_1\">Krank \/ Entschuldigt bis <abbr class=\"required\" title=\"ben\u00f6tigt\">*<\/abbr><\/label> <input name=\"avia_7_1\" class=\"avia_datepicker text_input is_empty\" type=\"text\" id=\"avia_7_1\" value=\"\" placeholder=\"DD \/ MM \/ YY\" inputmode=\"none\" \/><\/p><p class='  first_form  form_element form_fullwidth' id='element_avia_8_1'><label for=\"avia_8_1\">Name des Erziehungsberechtigten\/Abmelder <abbr class=\"required\" title=\"ben\u00f6tigt\">*<\/abbr><\/label> <input name=\"avia_8_1\" class=\"text_input is_empty\" type=\"text\" id=\"avia_8_1\" value=\"\" \/><\/p><p class='  first_form  form_element form_fullwidth' id='element_avia_9_1'><label for=\"avia_9_1\" class=\"textare_label hidden textare_label_avia_9_1\">Grund \/ Ort und Zeitpunkt des Arzttermins <abbr class=\"required\" title=\"ben\u00f6tigt\">*<\/abbr><\/label><textarea  name=\"avia_9_1\" class=\"text_area is_empty\" cols=\"40\" rows=\"7\" id=\"avia_9_1\" ><\/textarea><\/p><p class=\"hidden\"><input type=\"text\" name=\"avia_10_1\" class=\"hidden \" id=\"avia_10_1\" value=\"\" \/><\/p><div id='avia_11_1' class='av-recaptcha-area  first_form  form_element form_fullwidth '  data-container_class=\"\" data-custom_class=\"\" data-context=\"av_contact_form\" data-token_input=\"av_recaptcha_token\" data-version=\"avia_recaptcha_v3\" data-theme=\"light\" data-size=\"normal\" data-score=\"0.5\" data-text_to_preview=\"\" data-value=\"\"><div class=\"av-google-badge-message hidden\">This site is protected by reCAPTCHA and the Google <a href=\"https:\/\/policies.google.com\/privacy\" target=\"_blank\" rel=\"noopener noreferrer\">Datenschutzrichtlinie<\/a> and <a href=\"https:\/\/policies.google.com\/terms\" target=\"_blank\" rel=\"noopener noreferrer\">Terms of Service<\/a> apply.<\/div><\/div><p class=\"form_element \"><input type=\"hidden\" value=\"1\" name=\"avia_generated_form1\" \/><input type=\"submit\" value=\"Senden\" class=\"button\"  data-sending-label=\"Sende\"\/><\/p><\/fieldset><div class=\"avia-disabled-form\">Dieses Kontaktformular ist momentan deaktiviert, da Sie den Google reCAPTCHA-Service noch nicht akzeptiert haben. Dieser ist f\u00fcr die Validierung des Sendevorgangs jedoch notwendig<\/div><\/form><div id=\"ajaxresponse_1\" class=\"ajaxresponse ajaxresponse_1 hidden\"><\/div><\/p><\/div>\n","protected":false},"excerpt":{"rendered":"","protected":false},"author":1,"featured_media":0,"parent":0,"menu_order":0,"comment_status":"closed","ping_status":"closed","template":"","meta":{"footnotes":""},"class_list":["post-7547","page","type-page","status-publish","hentry"],"_links":{"self":[{"href":"https:\/\/www.mittelschule-perg.at\/stadtzentrum\/wp-json\/wp\/v2\/pages\/7547","targetHints":{"allow":["GET"]}}],"collection":[{"href":"https:\/\/www.mittelschule-perg.at\/stadtzentrum\/wp-json\/wp\/v2\/pages"}],"about":[{"href":"https:\/\/www.mittelschule-perg.at\/stadtzentrum\/wp-json\/wp\/v2\/types\/page"}],"author":[{"embeddable":true,"href":"https:\/\/www.mittelschule-perg.at\/stadtzentrum\/wp-json\/wp\/v2\/users\/1"}],"replies":[{"embeddable":true,"href":"https:\/\/www.mittelschule-perg.at\/stadtzentrum\/wp-json\/wp\/v2\/comments?post=7547"}],"version-history":[{"count":15,"href":"https:\/\/www.mittelschule-perg.at\/stadtzentrum\/wp-json\/wp\/v2\/pages\/7547\/revisions"}],"predecessor-version":[{"id":7831,"href":"https:\/\/www.mittelschule-perg.at\/stadtzentrum\/wp-json\/wp\/v2\/pages\/7547\/revisions\/7831"}],"wp:attachment":[{"href":"https:\/\/www.mittelschule-perg.at\/stadtzentrum\/wp-json\/wp\/v2\/media?parent=7547"}],"curies":[{"name":"wp","href":"https:\/\/api.w.org\/{rel}","templated":true}]}}