{"id":7647,"date":"2025-11-07T15:58:12","date_gmt":"2025-11-07T14:58:12","guid":{"rendered":"https:\/\/www.mittelschule-perg.at\/stadtzentrum\/?page_id=7647"},"modified":"2025-11-07T15:58:12","modified_gmt":"2025-11-07T14:58:12","slug":"impressum","status":"publish","type":"page","link":"https:\/\/www.mittelschule-perg.at\/stadtzentrum\/impressum\/","title":{"rendered":"Impressum"},"content":{"rendered":"<div  class='flex_column av-av_one_full-a2cef933b0a555f25d1e39b22a8e9dae av_one_full  avia-builder-el-0  avia-builder-el-no-sibling  first flex_column_div  '     ><section  class='av_textblock_section av-mhozcyc8-83accd661920b21b6d709e3da3efb15e '   itemscope=\"itemscope\" itemtype=\"https:\/\/schema.org\/CreativeWork\" ><div class='avia_textblock'  itemprop=\"text\" ><p><!-- Impressum \u2013 Mittelschule Perg Stadtzentrum --><\/p>\n<section id=\"impressum\" lang=\"de\" style=\"font-family: system-ui, -apple-system, Segoe UI, Roboto, Helvetica, Arial, sans-serif; line-height: 1.6; color: #111;\">\n<h1 style=\"font-size: 1.8rem; margin: 0 0 0.5rem;\">Impressum<\/h1>\n<p style=\"margin: 0 0 1rem; font-size: 0.95rem; color: #444;\">Angaben gem\u00e4\u00df \u00a7 5 E-Commerce-Gesetz (ECG) und \u00a7 24 Mediengesetz (MedienG)<\/p>\n<h2 style=\"font-size: 1.2rem; margin: 1.2rem 0 0.25rem;\">Medieninhaberin \/ Herausgeberin<\/h2>\n<p style=\"margin: 0 0 0.75rem;\">Mittelschule Perg \u2013 Stadtzentrum<br \/>\nLinzerstra\u00dfe\u00a018<br \/>\n4320\u00a0Perg, \u00d6sterreich<\/p>\n<p style=\"margin: 0 0 0.75rem;\">Telefon: <a href=\"tel:+43726252589\">+43\u00a0(0) 7262 \/ 525 89<\/a><br \/>\nE-Mail: <a href=\"mailto:s411052@schule-ooe.at\">s411052@schule-ooe.at<\/a><br \/>\nWebsite: <a href=\"https:\/\/www.mittelschule-perg.at\/stadtzentrum\" rel=\"home\">https:\/\/www.mittelschule-perg.at\/stadtzentrum<\/a><\/p>\n<h2 style=\"font-size: 1.2rem; margin: 1.2rem 0 0.25rem;\">Vertretungsberechtigte Leitung<\/h2>\n<p style=\"margin: 0 0 0.75rem;\">Direktorin: Judith Valtl<\/p>\n<h2 style=\"font-size: 1.2rem; margin: 1.2rem 0 0.25rem;\">Rechtsnatur \/ Aufsichtsbeh\u00f6rden<\/h2>\n<p style=\"margin: 0 0 0.75rem;\">\u00d6ffentliche Mittelschule der Republik \u00d6sterreich.<br \/>\nFachaufsicht: Bildungsdirektion f\u00fcr Ober\u00f6sterreich.<br \/>\nSchulerhalter (Schultr\u00e4ger): Stadtgemeinde Perg.<\/p>\n<h2 style=\"font-size: 1.2rem; margin: 1.2rem 0 0.25rem;\">Grundlegende Richtung der Website (\u00a7 25 Abs. 4 MedienG)<\/h2>\n<p style=\"margin: 0 0 0.75rem;\">Information \u00fcber die Mittelschule Perg \u2013 Stadtzentrum, deren schulische Angebote, Aktivit\u00e4ten, Termine und Kontaktm\u00f6glichkeiten.<\/p>\n<h2 style=\"font-size: 1.2rem; margin: 1.2rem 0 0.25rem;\">Haftung f\u00fcr Inhalte<\/h2>\n<p style=\"margin: 0 0 0.75rem;\">Die Inhalte dieser Seiten werden mit gr\u00f6\u00dfter Sorgfalt erstellt und laufend aktualisiert. Dennoch kann keine Gew\u00e4hr f\u00fcr Richtigkeit, Vollst\u00e4ndigkeit und Aktualit\u00e4t \u00fcbernommen werden. Als Dienstanbieterin ist die Schule gem\u00e4\u00df \u00a7 7 Abs. 1 ECG f\u00fcr eigene Inhalte nach den allgemeinen Gesetzen verantwortlich.<\/p>\n<h2 style=\"font-size: 1.2rem; margin: 1.2rem 0 0.25rem;\">Haftung f\u00fcr Links<\/h2>\n<p style=\"margin: 0 0 0.75rem;\">Unsere Seiten enthalten Links zu externen Websites, auf deren Inhalte wir keinen Einfluss haben. Zum Zeitpunkt der Verlinkung waren keine rechtswidrigen Inhalte erkennbar. Bei Bekanntwerden von Rechtsverst\u00f6\u00dfen werden entsprechende Links umgehend entfernt.<\/p>\n<h2 style=\"font-size: 1.2rem; margin: 1.2rem 0 0.25rem;\">Urheberrecht \/ Bildnachweise<\/h2>\n<p style=\"margin: 0 0 0.75rem;\">Die von der Schule erstellten Inhalte (Texte, Fotos, Grafiken, Downloads) unterliegen dem Urheberrecht. Jede Verwertung au\u00dferhalb der gesetzlichen Schranken bedarf der vorherigen Zustimmung. Inhalte Dritter sind \u2013 soweit nicht offensichtlich \u2013 als solche gekennzeichnet.<\/p>\n<h2 style=\"font-size: 1.2rem; margin: 1.2rem 0 0.25rem;\">Datenschutz<\/h2>\n<p style=\"margin: 0 0 0.75rem;\">Hinweise zur Verarbeitung personenbezogener Daten gem\u00e4\u00df DSGVO finden Sie in unserer<br \/>\n<a href=\"\/stadtzentrum\/datenschutz\" rel=\"privacy-policy\">Datenschutzerkl\u00e4rung<\/a>.<\/p>\n<h2 style=\"font-size: 1.2rem; margin: 1.2rem 0 0.25rem;\">Barrierefreiheit<\/h2>\n<p style=\"margin: 0 0 0.75rem;\">Informationen zur Zug\u00e4nglichkeit dieser Website sowie die M\u00f6glichkeit, Feedback zu geben, finden Sie in unserer<br \/>\n<a href=\"\/stadtzentrum\/barrierefreiheit\" rel=\"accessibility-help\">Barrierefreiheitserkl\u00e4rung<\/a>.<\/p>\n<h2 style=\"font-size: 1.2rem; margin: 1.2rem 0 0.25rem;\">Kontakt zur Webredaktion<\/h2>\n<p style=\"margin: 0 0 0.75rem;\">Redaktion: Schulleitung &amp; Lehrerkollegium der Mittelschule Perg \u2013 Stadtzentrum<br \/>\nE-Mail: <a href=\"mailto:s411052@schule-ooe.at\">s411052@schule-ooe.at<\/a><\/p>\n<p style=\"margin: 1rem 0 0.25rem; font-size: 0.9rem; color: #444;\">Stand: 7.\u00a0November\u00a02025<\/p>\n<p><!-- Strukturierte Daten (Schema.org) --><br \/>\n<script type=\"application\/ld+json\">\n  {\n    \"@context\": \"https:\/\/schema.org\",\n    \"@type\": \"School\",\n    \"name\": \"Mittelschule Perg \u2013 Stadtzentrum\",\n    \"url\": \"https:\/\/www.mittelschule-perg.at\/stadtzentrum\",\n    \"address\": {\n      \"@type\": \"PostalAddress\",\n      \"streetAddress\": \"Linzerstra\u00dfe 18\",\n      \"postalCode\": \"4320\",\n      \"addressLocality\": \"Perg\",\n      \"addressCountry\": \"AT\"\n    },\n    \"telephone\": \"+43-7262-52589\",\n    \"email\": \"s411052@schule-ooe.at\",\n    \"founder\": \"Republik \u00d6sterreich\",\n    \"department\": {\n      \"@type\": \"Organization\",\n      \"name\": \"Schulleitung\",\n      \"employee\": {\n        \"@type\": \"Person\",\n        \"name\": \"Judith Valtl\",\n        \"jobTitle\": \"Direktorin\"\n      }\n    }\n  }\n  <\/script><\/p>\n<\/section>\n<\/div><\/section><\/div>\n","protected":false},"excerpt":{"rendered":"","protected":false},"author":1,"featured_media":0,"parent":0,"menu_order":0,"comment_status":"closed","ping_status":"closed","template":"","meta":{"footnotes":""},"class_list":["post-7647","page","type-page","status-publish","hentry"],"_links":{"self":[{"href":"https:\/\/www.mittelschule-perg.at\/stadtzentrum\/wp-json\/wp\/v2\/pages\/7647","targetHints":{"allow":["GET"]}}],"collection":[{"href":"https:\/\/www.mittelschule-perg.at\/stadtzentrum\/wp-json\/wp\/v2\/pages"}],"about":[{"href":"https:\/\/www.mittelschule-perg.at\/stadtzentrum\/wp-json\/wp\/v2\/types\/page"}],"author":[{"embeddable":true,"href":"https:\/\/www.mittelschule-perg.at\/stadtzentrum\/wp-json\/wp\/v2\/users\/1"}],"replies":[{"embeddable":true,"href":"https:\/\/www.mittelschule-perg.at\/stadtzentrum\/wp-json\/wp\/v2\/comments?post=7647"}],"version-history":[{"count":2,"href":"https:\/\/www.mittelschule-perg.at\/stadtzentrum\/wp-json\/wp\/v2\/pages\/7647\/revisions"}],"predecessor-version":[{"id":7649,"href":"https:\/\/www.mittelschule-perg.at\/stadtzentrum\/wp-json\/wp\/v2\/pages\/7647\/revisions\/7649"}],"wp:attachment":[{"href":"https:\/\/www.mittelschule-perg.at\/stadtzentrum\/wp-json\/wp\/v2\/media?parent=7647"}],"curies":[{"name":"wp","href":"https:\/\/api.w.org\/{rel}","templated":true}]}}